{"id":9997,"date":"2023-10-17T02:48:15","date_gmt":"2023-10-17T00:48:15","guid":{"rendered":"https:\/\/ateliers-francais.gc-dev.fr\/?post_type=product&#038;p=9997"},"modified":"2023-10-17T02:59:33","modified_gmt":"2023-10-17T00:59:33","slug":"rallye-men-46601","status":"publish","type":"product","link":"https:\/\/ateliers-francais.gc-dev.fr\/?product=rallye-men-46601","title":{"rendered":"RALLYE MEN &#8211; 46601"},"content":{"rendered":"<h4>SOFTSHELL HOMME SANS MANCHES<\/h4>\n<h3 class=\"\">Qualit\u00e9<\/h3>\n<div class=\"std\">\n<div>SOFTSHELL 340<\/div>\n<div>94% polyester &#8211; 6% \u00e9lasthanne<br \/>\nMembrane 8000 mm imperm\u00e9able et respirant.<\/div>\n<\/div>\n<h3 class=\"bordure\">Style<\/h3>\n<div class=\"std\">\n<div>SPORT<\/div>\n<div>2 poches lat\u00e9rales et 1 poche poitrine zipp\u00e9es<br \/>\nCordon de serrage r\u00e9glable \u00e0 la taille<br \/>\nZips SBS<\/div>\n<\/div>\n","protected":false},"excerpt":{"rendered":"<p>SOFTSHELL HOMME SANS MANCHES Qualit\u00e9 SOFTSHELL 340 94% polyester &#8211; 6% \u00e9lasthanne Membrane 8000 mm imperm\u00e9able et respirant. Style SPORT<\/p>\n","protected":false},"featured_media":10124,"comment_status":"open","ping_status":"closed","template":"","meta":[],"product_cat":[206],"product_tag":[],"class_list":{"0":"post-9997","1":"product","2":"type-product","3":"status-publish","4":"has-post-thumbnail","6":"product_cat-sans-manches-softshell","8":"first","9":"instock","10":"shipping-taxable","11":"purchasable","12":"product-type-variable"},"_links":{"self":[{"href":"https:\/\/ateliers-francais.gc-dev.fr\/index.php?rest_route=\/wp\/v2\/product\/9997","targetHints":{"allow":["GET"]}}],"collection":[{"href":"https:\/\/ateliers-francais.gc-dev.fr\/index.php?rest_route=\/wp\/v2\/product"}],"about":[{"href":"https:\/\/ateliers-francais.gc-dev.fr\/index.php?rest_route=\/wp\/v2\/types\/product"}],"replies":[{"embeddable":true,"href":"https:\/\/ateliers-francais.gc-dev.fr\/index.php?rest_route=%2Fwp%2Fv2%2Fcomments&post=9997"}],"version-history":[{"count":1,"href":"https:\/\/ateliers-francais.gc-dev.fr\/index.php?rest_route=\/wp\/v2\/product\/9997\/revisions"}],"predecessor-version":[{"id":10126,"href":"https:\/\/ateliers-francais.gc-dev.fr\/index.php?rest_route=\/wp\/v2\/product\/9997\/revisions\/10126"}],"wp:featuredmedia":[{"embeddable":true,"href":"https:\/\/ateliers-francais.gc-dev.fr\/index.php?rest_route=\/wp\/v2\/media\/10124"}],"wp:attachment":[{"href":"https:\/\/ateliers-francais.gc-dev.fr\/index.php?rest_route=%2Fwp%2Fv2%2Fmedia&parent=9997"}],"wp:term":[{"taxonomy":"product_cat","embeddable":true,"href":"https:\/\/ateliers-francais.gc-dev.fr\/index.php?rest_route=%2Fwp%2Fv2%2Fproduct_cat&post=9997"},{"taxonomy":"product_tag","embeddable":true,"href":"https:\/\/ateliers-francais.gc-dev.fr\/index.php?rest_route=%2Fwp%2Fv2%2Fproduct_tag&post=9997"}],"curies":[{"name":"wp","href":"https:\/\/api.w.org\/{rel}","templated":true}]}}