{"id":9995,"date":"2023-10-17T02:48:15","date_gmt":"2023-10-17T00:48:15","guid":{"rendered":"https:\/\/ateliers-francais.gc-dev.fr\/?post_type=product&#038;p=9995"},"modified":"2023-10-17T02:58:02","modified_gmt":"2023-10-17T00:58:02","slug":"performer-men-01180","status":"publish","type":"product","link":"https:\/\/ateliers-francais.gc-dev.fr\/?product=performer-men-01180","title":{"rendered":"PERFORMER MEN &#8211; 01180"},"content":{"rendered":"<h4>POLO SPORT HOMME<\/h4>\n<div class=\"std\"><strong>Id\u00e9al pour tous les sports. S\u00e9chage rapide<\/strong><\/div>\n<h3>Qualit\u00e9<\/h3>\n<div class=\"std\">\n<div>PIQU\u00c9 POLYESTER 180<\/div>\n<div>100% polyester<\/div>\n<\/div>\n<h3 class=\"bordure\">Style<\/h3>\n<div class=\"std\">\n<div>SPORT<\/div>\n<div>Manches courtes<br \/>\nPatte 3 boutons<br \/>\nPassepoil \u00e0 la patte de boutonnage, fentes lat\u00e9rales et bande \u00e0 l&rsquo;encolure contrast\u00e9s<br \/>\nAdapt\u00e9 \u00e0 la sublimation<\/div>\n<\/div>\n","protected":false},"excerpt":{"rendered":"<p>POLO SPORT HOMME Id\u00e9al pour tous les sports. S\u00e9chage rapide Qualit\u00e9 PIQU\u00c9 POLYESTER 180 100% polyester Style SPORT Manches courtes<\/p>\n","protected":false},"featured_media":10116,"comment_status":"open","ping_status":"closed","template":"","meta":[],"product_cat":[204],"product_tag":[],"class_list":{"0":"post-9995","1":"product","2":"type-product","3":"status-publish","4":"has-post-thumbnail","6":"product_cat-polyester-respirant","8":"first","9":"instock","10":"shipping-taxable","11":"purchasable","12":"product-type-variable"},"_links":{"self":[{"href":"https:\/\/ateliers-francais.gc-dev.fr\/index.php?rest_route=\/wp\/v2\/product\/9995","targetHints":{"allow":["GET"]}}],"collection":[{"href":"https:\/\/ateliers-francais.gc-dev.fr\/index.php?rest_route=\/wp\/v2\/product"}],"about":[{"href":"https:\/\/ateliers-francais.gc-dev.fr\/index.php?rest_route=\/wp\/v2\/types\/product"}],"replies":[{"embeddable":true,"href":"https:\/\/ateliers-francais.gc-dev.fr\/index.php?rest_route=%2Fwp%2Fv2%2Fcomments&post=9995"}],"version-history":[{"count":1,"href":"https:\/\/ateliers-francais.gc-dev.fr\/index.php?rest_route=\/wp\/v2\/product\/9995\/revisions"}],"predecessor-version":[{"id":10119,"href":"https:\/\/ateliers-francais.gc-dev.fr\/index.php?rest_route=\/wp\/v2\/product\/9995\/revisions\/10119"}],"wp:featuredmedia":[{"embeddable":true,"href":"https:\/\/ateliers-francais.gc-dev.fr\/index.php?rest_route=\/wp\/v2\/media\/10116"}],"wp:attachment":[{"href":"https:\/\/ateliers-francais.gc-dev.fr\/index.php?rest_route=%2Fwp%2Fv2%2Fmedia&parent=9995"}],"wp:term":[{"taxonomy":"product_cat","embeddable":true,"href":"https:\/\/ateliers-francais.gc-dev.fr\/index.php?rest_route=%2Fwp%2Fv2%2Fproduct_cat&post=9995"},{"taxonomy":"product_tag","embeddable":true,"href":"https:\/\/ateliers-francais.gc-dev.fr\/index.php?rest_route=%2Fwp%2Fv2%2Fproduct_tag&post=9995"}],"curies":[{"name":"wp","href":"https:\/\/api.w.org\/{rel}","templated":true}]}}