{"id":9993,"date":"2023-10-17T02:48:15","date_gmt":"2023-10-17T00:48:15","guid":{"rendered":"https:\/\/ateliers-francais.gc-dev.fr\/?post_type=product&#038;p=9993"},"modified":"2023-10-17T02:58:25","modified_gmt":"2023-10-17T00:58:25","slug":"perfect-ml-men-02087","status":"publish","type":"product","link":"https:\/\/ateliers-francais.gc-dev.fr\/?product=perfect-ml-men-02087","title":{"rendered":"PERFECT ML MEN &#8211; 02087"},"content":{"rendered":"<h4>POLO PIQU\u00c9 MANCHES LONGUES HOMME<\/h4>\n<h3>Qualit\u00e9<\/h3>\n<div class=\"std\">\n<div>MAILLE PIQU\u00c9E 180<\/div>\n<div>100% coton peign\u00e9<br \/>\nCol et bas de manches en c\u00f4te 1X1<\/div>\n<\/div>\n<h3 class=\"bordure\">Style<\/h3>\n<div class=\"std\">\n<div>Manches longues<br \/>\nPatte de boutonnage 2 boutons<br \/>\nBande de propret\u00e9 int\u00e9rieure col<\/div>\n<\/div>\n","protected":false},"excerpt":{"rendered":"<p>POLO PIQU\u00c9 MANCHES LONGUES HOMME Qualit\u00e9 MAILLE PIQU\u00c9E 180 100% coton peign\u00e9 Col et bas de manches en c\u00f4te 1X1<\/p>\n","protected":false},"featured_media":10096,"comment_status":"open","ping_status":"closed","template":"","meta":[],"product_cat":[203],"product_tag":[],"class_list":{"0":"post-9993","1":"product","2":"type-product","3":"status-publish","4":"has-post-thumbnail","6":"product_cat-manches-longues-polo","8":"first","9":"instock","10":"shipping-taxable","11":"purchasable","12":"product-type-variable"},"_links":{"self":[{"href":"https:\/\/ateliers-francais.gc-dev.fr\/index.php?rest_route=\/wp\/v2\/product\/9993","targetHints":{"allow":["GET"]}}],"collection":[{"href":"https:\/\/ateliers-francais.gc-dev.fr\/index.php?rest_route=\/wp\/v2\/product"}],"about":[{"href":"https:\/\/ateliers-francais.gc-dev.fr\/index.php?rest_route=\/wp\/v2\/types\/product"}],"replies":[{"embeddable":true,"href":"https:\/\/ateliers-francais.gc-dev.fr\/index.php?rest_route=%2Fwp%2Fv2%2Fcomments&post=9993"}],"version-history":[{"count":1,"href":"https:\/\/ateliers-francais.gc-dev.fr\/index.php?rest_route=\/wp\/v2\/product\/9993\/revisions"}],"predecessor-version":[{"id":10099,"href":"https:\/\/ateliers-francais.gc-dev.fr\/index.php?rest_route=\/wp\/v2\/product\/9993\/revisions\/10099"}],"wp:featuredmedia":[{"embeddable":true,"href":"https:\/\/ateliers-francais.gc-dev.fr\/index.php?rest_route=\/wp\/v2\/media\/10096"}],"wp:attachment":[{"href":"https:\/\/ateliers-francais.gc-dev.fr\/index.php?rest_route=%2Fwp%2Fv2%2Fmedia&parent=9993"}],"wp:term":[{"taxonomy":"product_cat","embeddable":true,"href":"https:\/\/ateliers-francais.gc-dev.fr\/index.php?rest_route=%2Fwp%2Fv2%2Fproduct_cat&post=9993"},{"taxonomy":"product_tag","embeddable":true,"href":"https:\/\/ateliers-francais.gc-dev.fr\/index.php?rest_route=%2Fwp%2Fv2%2Fproduct_tag&post=9993"}],"curies":[{"name":"wp","href":"https:\/\/api.w.org\/{rel}","templated":true}]}}