{"id":9992,"date":"2023-10-17T02:48:15","date_gmt":"2023-10-17T00:48:15","guid":{"rendered":"https:\/\/ateliers-francais.gc-dev.fr\/?post_type=product&#038;p=9992"},"modified":"2023-10-17T02:58:47","modified_gmt":"2023-10-17T00:58:47","slug":"perfect-women-11347","status":"publish","type":"product","link":"https:\/\/ateliers-francais.gc-dev.fr\/?product=perfect-women-11347","title":{"rendered":"PERFECT WOMEN &#8211; 11347"},"content":{"rendered":"<div>\n<h4>POLO FEMME<\/h4>\n<\/div>\n<div class=\"std\"><strong>Coupe parfaite &amp; f\u00e9minine: nouvelle longueur et pr\u00e8s du corps<\/strong><\/div>\n<h3>Qualit\u00e9<\/h3>\n<div class=\"std\">\n<div>MAILLE PIQU\u00c9E 180<\/div>\n<div>100% coton peign\u00e9 Ringspun<br \/>\nCol et bas de manches en c\u00f4te 1&#215;1<br \/>\nBande de propret\u00e9 au col<\/div>\n<\/div>\n<h3 class=\"bordure\">Style<\/h3>\n<div class=\"std\">\n<div>CLASSIQUE &amp; CHIC<\/div>\n<div>Manches courtes<br \/>\nPatte de col 3 boutons nacr\u00e9s ton sur ton<br \/>\nCoup\u00e9 cousu<br \/>\nCoupe cintr\u00e9e<br \/>\nBouton de rechange dans couture int\u00e9rieure c\u00f4t\u00e9<\/div>\n<\/div>\n","protected":false},"excerpt":{"rendered":"<p>POLO FEMME Coupe parfaite &amp; f\u00e9minine: nouvelle longueur et pr\u00e8s du corps Qualit\u00e9 MAILLE PIQU\u00c9E 180 100% coton peign\u00e9 Ringspun<\/p>\n","protected":false},"featured_media":10094,"comment_status":"open","ping_status":"closed","template":"","meta":[],"product_cat":[202],"product_tag":[],"class_list":{"0":"post-9992","1":"product","2":"type-product","3":"status-publish","4":"has-post-thumbnail","6":"product_cat-manches-courtes-polo","8":"first","9":"instock","10":"shipping-taxable","11":"purchasable","12":"product-type-variable"},"_links":{"self":[{"href":"https:\/\/ateliers-francais.gc-dev.fr\/index.php?rest_route=\/wp\/v2\/product\/9992","targetHints":{"allow":["GET"]}}],"collection":[{"href":"https:\/\/ateliers-francais.gc-dev.fr\/index.php?rest_route=\/wp\/v2\/product"}],"about":[{"href":"https:\/\/ateliers-francais.gc-dev.fr\/index.php?rest_route=\/wp\/v2\/types\/product"}],"replies":[{"embeddable":true,"href":"https:\/\/ateliers-francais.gc-dev.fr\/index.php?rest_route=%2Fwp%2Fv2%2Fcomments&post=9992"}],"version-history":[{"count":1,"href":"https:\/\/ateliers-francais.gc-dev.fr\/index.php?rest_route=\/wp\/v2\/product\/9992\/revisions"}],"predecessor-version":[{"id":10095,"href":"https:\/\/ateliers-francais.gc-dev.fr\/index.php?rest_route=\/wp\/v2\/product\/9992\/revisions\/10095"}],"wp:featuredmedia":[{"embeddable":true,"href":"https:\/\/ateliers-francais.gc-dev.fr\/index.php?rest_route=\/wp\/v2\/media\/10094"}],"wp:attachment":[{"href":"https:\/\/ateliers-francais.gc-dev.fr\/index.php?rest_route=%2Fwp%2Fv2%2Fmedia&parent=9992"}],"wp:term":[{"taxonomy":"product_cat","embeddable":true,"href":"https:\/\/ateliers-francais.gc-dev.fr\/index.php?rest_route=%2Fwp%2Fv2%2Fproduct_cat&post=9992"},{"taxonomy":"product_tag","embeddable":true,"href":"https:\/\/ateliers-francais.gc-dev.fr\/index.php?rest_route=%2Fwp%2Fv2%2Fproduct_tag&post=9992"}],"curies":[{"name":"wp","href":"https:\/\/api.w.org\/{rel}","templated":true}]}}