{"id":9990,"date":"2023-10-17T02:48:15","date_gmt":"2023-10-17T00:48:15","guid":{"rendered":"https:\/\/ateliers-francais.gc-dev.fr\/?post_type=product&#038;p=9990"},"modified":"2023-10-17T02:59:09","modified_gmt":"2023-10-17T00:59:09","slug":"pasadena-women-00578","status":"publish","type":"product","link":"https:\/\/ateliers-francais.gc-dev.fr\/?product=pasadena-women-00578","title":{"rendered":"PASADENA WOMEN &#8211; 00578"},"content":{"rendered":"<h4>POLO FEMME<\/h4>\n<div class=\"std\"><strong>Intemporel &amp; moderne<br \/>\nLarge gamme de coloris<br \/>\nDestin\u00e9 \u00e0 tous les types de march\u00e9<\/strong><\/div>\n<h3>Qualit\u00e9<\/h3>\n<div class=\"std\">\n<div>MAILLE PIQU\u00c9E 200<\/div>\n<div>100% coton Ringspun<br \/>\nCol et bas de manches en bord c\u00f4te<br \/>\nBande de propret\u00e9 au col<\/div>\n<\/div>\n<h3 class=\"bordure\">Style<\/h3>\n<div class=\"std\">\n<div>CLASSIQUE &amp; CHIC<\/div>\n<div>Manches courtes<br \/>\nCol et bas de manches ray\u00e9s, contrast\u00e9s<br \/>\nPatte de boutonnage 3 boutons ton sur ton<br \/>\nCoupe cintr\u00e9e<br \/>\nCoup\u00e9 cousu<br \/>\nFentes lat\u00e9rales<br \/>\nBouton de rechange sur couture int\u00e9rieure c\u00f4t\u00e9<\/div>\n<\/div>\n","protected":false},"excerpt":{"rendered":"<p>POLO FEMME Intemporel &amp; moderne Large gamme de coloris Destin\u00e9 \u00e0 tous les types de march\u00e9 Qualit\u00e9 MAILLE PIQU\u00c9E 200<\/p>\n","protected":false},"featured_media":10088,"comment_status":"open","ping_status":"closed","template":"","meta":[],"product_cat":[202,201],"product_tag":[],"class_list":{"0":"post-9990","1":"product","2":"type-product","3":"status-publish","4":"has-post-thumbnail","6":"product_cat-manches-courtes-polo","7":"product_cat-polo","9":"first","10":"instock","11":"shipping-taxable","12":"purchasable","13":"product-type-variable"},"_links":{"self":[{"href":"https:\/\/ateliers-francais.gc-dev.fr\/index.php?rest_route=\/wp\/v2\/product\/9990","targetHints":{"allow":["GET"]}}],"collection":[{"href":"https:\/\/ateliers-francais.gc-dev.fr\/index.php?rest_route=\/wp\/v2\/product"}],"about":[{"href":"https:\/\/ateliers-francais.gc-dev.fr\/index.php?rest_route=\/wp\/v2\/types\/product"}],"replies":[{"embeddable":true,"href":"https:\/\/ateliers-francais.gc-dev.fr\/index.php?rest_route=%2Fwp%2Fv2%2Fcomments&post=9990"}],"version-history":[{"count":1,"href":"https:\/\/ateliers-francais.gc-dev.fr\/index.php?rest_route=\/wp\/v2\/product\/9990\/revisions"}],"predecessor-version":[{"id":10091,"href":"https:\/\/ateliers-francais.gc-dev.fr\/index.php?rest_route=\/wp\/v2\/product\/9990\/revisions\/10091"}],"wp:featuredmedia":[{"embeddable":true,"href":"https:\/\/ateliers-francais.gc-dev.fr\/index.php?rest_route=\/wp\/v2\/media\/10088"}],"wp:attachment":[{"href":"https:\/\/ateliers-francais.gc-dev.fr\/index.php?rest_route=%2Fwp%2Fv2%2Fmedia&parent=9990"}],"wp:term":[{"taxonomy":"product_cat","embeddable":true,"href":"https:\/\/ateliers-francais.gc-dev.fr\/index.php?rest_route=%2Fwp%2Fv2%2Fproduct_cat&post=9990"},{"taxonomy":"product_tag","embeddable":true,"href":"https:\/\/ateliers-francais.gc-dev.fr\/index.php?rest_route=%2Fwp%2Fv2%2Fproduct_tag&post=9990"}],"curies":[{"name":"wp","href":"https:\/\/api.w.org\/{rel}","templated":true}]}}