{"id":9988,"date":"2023-10-17T02:48:14","date_gmt":"2023-10-17T00:48:14","guid":{"rendered":"https:\/\/ateliers-francais.gc-dev.fr\/?post_type=product&#038;p=9988"},"modified":"2023-10-17T02:54:55","modified_gmt":"2023-10-17T00:54:55","slug":"north-kids-00589","status":"publish","type":"product","link":"https:\/\/ateliers-francais.gc-dev.fr\/?product=north-kids-00589","title":{"rendered":"NORTH KIDS &#8211; 00589"},"content":{"rendered":"<h4>VESTE POLAIRE ZIPP\u00c9E ENFANT<\/h4>\n<div class=\"std\"><strong>Compl\u00e9ment de gamme des Polaires<br \/>\nExcellent rapport qualit\u00e9\/prix<br \/>\nDestin\u00e9 \u00e0 tous les types de march\u00e9<\/strong><\/div>\n<h3 class=\"\">Qualit\u00e9<\/h3>\n<div class=\"std\">\n<div>POLAIRE 300<\/div>\n<div>100% polyester densit\u00e9 accrue<br \/>\nShort cut<br \/>\nAnti-bouloche<br \/>\nBande de propret\u00e9 au col<br \/>\nCol montant doubl\u00e9<\/div>\n<\/div>\n<h3 class=\"bordure\">Style<\/h3>\n<div class=\"std\">\n<div>CLASSIQUE<\/div>\n<div>2 poches zipp\u00e9es avec rabat<br \/>\nPoignets \u00e9lastiques<br \/>\nDemi-lune au dos<br \/>\nBas de cordon de serrage \u00e9lastique<\/div>\n<\/div>\n","protected":false},"excerpt":{"rendered":"<p>VESTE POLAIRE ZIPP\u00c9E ENFANT Compl\u00e9ment de gamme des Polaires Excellent rapport qualit\u00e9\/prix Destin\u00e9 \u00e0 tous les types de march\u00e9 Qualit\u00e9<\/p>\n","protected":false},"featured_media":10080,"comment_status":"open","ping_status":"closed","template":"","meta":[],"product_cat":[199],"product_tag":[],"class_list":{"0":"post-9988","1":"product","2":"type-product","3":"status-publish","4":"has-post-thumbnail","6":"product_cat-veste-zippe","8":"first","9":"instock","10":"shipping-taxable","11":"purchasable","12":"product-type-variable"},"_links":{"self":[{"href":"https:\/\/ateliers-francais.gc-dev.fr\/index.php?rest_route=\/wp\/v2\/product\/9988","targetHints":{"allow":["GET"]}}],"collection":[{"href":"https:\/\/ateliers-francais.gc-dev.fr\/index.php?rest_route=\/wp\/v2\/product"}],"about":[{"href":"https:\/\/ateliers-francais.gc-dev.fr\/index.php?rest_route=\/wp\/v2\/types\/product"}],"replies":[{"embeddable":true,"href":"https:\/\/ateliers-francais.gc-dev.fr\/index.php?rest_route=%2Fwp%2Fv2%2Fcomments&post=9988"}],"version-history":[{"count":1,"href":"https:\/\/ateliers-francais.gc-dev.fr\/index.php?rest_route=\/wp\/v2\/product\/9988\/revisions"}],"predecessor-version":[{"id":10083,"href":"https:\/\/ateliers-francais.gc-dev.fr\/index.php?rest_route=\/wp\/v2\/product\/9988\/revisions\/10083"}],"wp:featuredmedia":[{"embeddable":true,"href":"https:\/\/ateliers-francais.gc-dev.fr\/index.php?rest_route=\/wp\/v2\/media\/10080"}],"wp:attachment":[{"href":"https:\/\/ateliers-francais.gc-dev.fr\/index.php?rest_route=%2Fwp%2Fv2%2Fmedia&parent=9988"}],"wp:term":[{"taxonomy":"product_cat","embeddable":true,"href":"https:\/\/ateliers-francais.gc-dev.fr\/index.php?rest_route=%2Fwp%2Fv2%2Fproduct_cat&post=9988"},{"taxonomy":"product_tag","embeddable":true,"href":"https:\/\/ateliers-francais.gc-dev.fr\/index.php?rest_route=%2Fwp%2Fv2%2Fproduct_tag&post=9988"}],"curies":[{"name":"wp","href":"https:\/\/api.w.org\/{rel}","templated":true}]}}