{"id":9986,"date":"2023-10-17T02:48:14","date_gmt":"2023-10-17T00:48:14","guid":{"rendered":"https:\/\/ateliers-francais.gc-dev.fr\/?post_type=product&#038;p=9986"},"modified":"2023-10-17T02:55:13","modified_gmt":"2023-10-17T00:55:13","slug":"north-women-55000","status":"publish","type":"product","link":"https:\/\/ateliers-francais.gc-dev.fr\/?product=north-women-55000","title":{"rendered":"NORTH WOMEN &#8211; 55000"},"content":{"rendered":"<h4>VESTE POLAIRE ZIPP\u00c9E FEMME<\/h4>\n<p><strong>Un des polaires les plus demand\u00e9 et adapt\u00e9 \u00e0 toutes demandes sur le march\u00e9 avec en plus l&rsquo;un des meilleurs rapports qualit\u00e9\/prix. <\/strong><\/p>\n<h3 class=\"\">Qualit\u00e9<\/h3>\n<div class=\"std\">\n<div>POLAIRE 300<\/div>\n<div>100% polyester densit\u00e9 accrue<br \/>\nShort cut<br \/>\nAnti-bouloche<br \/>\nBande de propret\u00e9 au col<br \/>\nCol montant doubl\u00e9<\/div>\n<\/div>\n<h3 class=\"bordure\">Style<\/h3>\n<div class=\"std\">\n<div>F\u00c9MININ<\/div>\n<div>2 poches zipp\u00e9es avec rabat<br \/>\nCoupe ajust\u00e9e<br \/>\nPoignets \u00e9lastiques<br \/>\nDemi-lune au dos<br \/>\nBas avec cordon de serrage<\/div>\n<\/div>\n<p>&nbsp;<\/p>\n","protected":false},"excerpt":{"rendered":"<p>VESTE POLAIRE ZIPP\u00c9E FEMME Un des polaires les plus demand\u00e9 et adapt\u00e9 \u00e0 toutes demandes sur le march\u00e9 avec en<\/p>\n","protected":false},"featured_media":10073,"comment_status":"open","ping_status":"closed","template":"","meta":[],"product_cat":[199],"product_tag":[],"class_list":{"0":"post-9986","1":"product","2":"type-product","3":"status-publish","4":"has-post-thumbnail","6":"product_cat-veste-zippe","8":"first","9":"instock","10":"shipping-taxable","11":"purchasable","12":"product-type-variable"},"_links":{"self":[{"href":"https:\/\/ateliers-francais.gc-dev.fr\/index.php?rest_route=\/wp\/v2\/product\/9986","targetHints":{"allow":["GET"]}}],"collection":[{"href":"https:\/\/ateliers-francais.gc-dev.fr\/index.php?rest_route=\/wp\/v2\/product"}],"about":[{"href":"https:\/\/ateliers-francais.gc-dev.fr\/index.php?rest_route=\/wp\/v2\/types\/product"}],"replies":[{"embeddable":true,"href":"https:\/\/ateliers-francais.gc-dev.fr\/index.php?rest_route=%2Fwp%2Fv2%2Fcomments&post=9986"}],"version-history":[{"count":1,"href":"https:\/\/ateliers-francais.gc-dev.fr\/index.php?rest_route=\/wp\/v2\/product\/9986\/revisions"}],"predecessor-version":[{"id":10076,"href":"https:\/\/ateliers-francais.gc-dev.fr\/index.php?rest_route=\/wp\/v2\/product\/9986\/revisions\/10076"}],"wp:featuredmedia":[{"embeddable":true,"href":"https:\/\/ateliers-francais.gc-dev.fr\/index.php?rest_route=\/wp\/v2\/media\/10073"}],"wp:attachment":[{"href":"https:\/\/ateliers-francais.gc-dev.fr\/index.php?rest_route=%2Fwp%2Fv2%2Fmedia&parent=9986"}],"wp:term":[{"taxonomy":"product_cat","embeddable":true,"href":"https:\/\/ateliers-francais.gc-dev.fr\/index.php?rest_route=%2Fwp%2Fv2%2Fproduct_cat&post=9986"},{"taxonomy":"product_tag","embeddable":true,"href":"https:\/\/ateliers-francais.gc-dev.fr\/index.php?rest_route=%2Fwp%2Fv2%2Fproduct_tag&post=9986"}],"curies":[{"name":"wp","href":"https:\/\/api.w.org\/{rel}","templated":true}]}}