{"id":9948,"date":"2023-10-17T02:47:52","date_gmt":"2023-10-17T00:47:52","guid":{"rendered":"https:\/\/ateliers-francais.gc-dev.fr\/?post_type=product&#038;p=9948"},"modified":"2023-10-17T02:55:35","modified_gmt":"2023-10-17T00:55:35","slug":"ness-56000","status":"publish","type":"product","link":"https:\/\/ateliers-francais.gc-dev.fr\/?product=ness-56000","title":{"rendered":"NESS &#8211; 56000"},"content":{"rendered":"<h4>SWEAT-SHIRT POLAIRE<\/h4>\n<div class=\"std\"><strong>Finition int\u00e9rieure aboutie avec \u0153illets m\u00e9talliques et tire zip en tissus \u00e9lasthanne, en premier prix.<br \/>\nExiste en grandes tailles.<\/strong><\/div>\n<h3 class=\"\">Qualit\u00e9<\/h3>\n<div class=\"std\">\n<div>LAINE POLAIRE 300<\/div>\n<div>100% polyester densit\u00e9 accrue<br \/>\nShort cut<br \/>\nAnti-bouloche<br \/>\nBande de propret\u00e9 au col<\/div>\n<\/div>\n<h3 class=\"bordure\">Style<\/h3>\n<div class=\"std\">\n<div>CLASSIQUE<\/div>\n<div>Col chemin\u00e9e<br \/>\nPoignets \u00e9lastiques<br \/>\nDemi-lune au dos<br \/>\nBas avec cordon de serrage \u00e9lastique<\/div>\n<\/div>\n","protected":false},"excerpt":{"rendered":"<p>SWEAT-SHIRT POLAIRE Finition int\u00e9rieure aboutie avec \u0153illets m\u00e9talliques et tire zip en tissus \u00e9lasthanne, en premier prix. Existe en grandes<\/p>\n","protected":false},"featured_media":10065,"comment_status":"open","ping_status":"closed","template":"","meta":[],"product_cat":[151],"product_tag":[],"class_list":{"0":"post-9948","1":"product","2":"type-product","3":"status-publish","4":"has-post-thumbnail","6":"product_cat-1-4-zip","8":"first","9":"instock","10":"shipping-taxable","11":"purchasable","12":"product-type-variable"},"_links":{"self":[{"href":"https:\/\/ateliers-francais.gc-dev.fr\/index.php?rest_route=\/wp\/v2\/product\/9948","targetHints":{"allow":["GET"]}}],"collection":[{"href":"https:\/\/ateliers-francais.gc-dev.fr\/index.php?rest_route=\/wp\/v2\/product"}],"about":[{"href":"https:\/\/ateliers-francais.gc-dev.fr\/index.php?rest_route=\/wp\/v2\/types\/product"}],"replies":[{"embeddable":true,"href":"https:\/\/ateliers-francais.gc-dev.fr\/index.php?rest_route=%2Fwp%2Fv2%2Fcomments&post=9948"}],"version-history":[{"count":1,"href":"https:\/\/ateliers-francais.gc-dev.fr\/index.php?rest_route=\/wp\/v2\/product\/9948\/revisions"}],"predecessor-version":[{"id":10068,"href":"https:\/\/ateliers-francais.gc-dev.fr\/index.php?rest_route=\/wp\/v2\/product\/9948\/revisions\/10068"}],"wp:featuredmedia":[{"embeddable":true,"href":"https:\/\/ateliers-francais.gc-dev.fr\/index.php?rest_route=\/wp\/v2\/media\/10065"}],"wp:attachment":[{"href":"https:\/\/ateliers-francais.gc-dev.fr\/index.php?rest_route=%2Fwp%2Fv2%2Fmedia&parent=9948"}],"wp:term":[{"taxonomy":"product_cat","embeddable":true,"href":"https:\/\/ateliers-francais.gc-dev.fr\/index.php?rest_route=%2Fwp%2Fv2%2Fproduct_cat&post=9948"},{"taxonomy":"product_tag","embeddable":true,"href":"https:\/\/ateliers-francais.gc-dev.fr\/index.php?rest_route=%2Fwp%2Fv2%2Fproduct_tag&post=9948"}],"curies":[{"name":"wp","href":"https:\/\/api.w.org\/{rel}","templated":true}]}}