{"id":9947,"date":"2023-10-17T02:47:52","date_gmt":"2023-10-17T00:47:52","guid":{"rendered":"https:\/\/ateliers-francais.gc-dev.fr\/?post_type=product&#038;p=9947"},"modified":"2023-10-17T02:56:56","modified_gmt":"2023-10-17T00:56:56","slug":"sandy-01689","status":"publish","type":"product","link":"https:\/\/ateliers-francais.gc-dev.fr\/?product=sandy-01689","title":{"rendered":"SANDY &#8211; 01689"},"content":{"rendered":"<h4>SHORT DE BAIN HOMME<\/h4>\n<h3 class=\"\">Qualit\u00e9<\/h3>\n<div class=\"std\">\n<div>100% polyester microfibre<br \/>\n90 g\/m\u00b2<br \/>\nDoublure: slip int\u00e9rieur en mesh 100% polyester<\/div>\n<\/div>\n<h3 class=\"bordure\">Style<\/h3>\n<div class=\"std\">\n<div>Taille \u00e9lastiqu\u00e9e avec cordon ton sur ton<br \/>\n2 poches lat\u00e9rales<br \/>\nPoche arri\u00e8re rabat avec bande auto-agrippante<br \/>\nFentes lat\u00e9rales<br \/>\nAdapt\u00e9 \u00e0 la sublimation<\/div>\n<\/div>\n","protected":false},"excerpt":{"rendered":"<p>SHORT DE BAIN HOMME Qualit\u00e9 100% polyester microfibre 90 g\/m\u00b2 Doublure: slip int\u00e9rieur en mesh 100% polyester Style Taille \u00e9lastiqu\u00e9e<\/p>\n","protected":false},"featured_media":10061,"comment_status":"open","ping_status":"closed","template":"","meta":[],"product_cat":[150],"product_tag":[],"class_list":{"0":"post-9947","1":"product","2":"type-product","3":"status-publish","4":"has-post-thumbnail","6":"product_cat-short","8":"first","9":"instock","10":"shipping-taxable","11":"purchasable","12":"product-type-variable"},"_links":{"self":[{"href":"https:\/\/ateliers-francais.gc-dev.fr\/index.php?rest_route=\/wp\/v2\/product\/9947","targetHints":{"allow":["GET"]}}],"collection":[{"href":"https:\/\/ateliers-francais.gc-dev.fr\/index.php?rest_route=\/wp\/v2\/product"}],"about":[{"href":"https:\/\/ateliers-francais.gc-dev.fr\/index.php?rest_route=\/wp\/v2\/types\/product"}],"replies":[{"embeddable":true,"href":"https:\/\/ateliers-francais.gc-dev.fr\/index.php?rest_route=%2Fwp%2Fv2%2Fcomments&post=9947"}],"version-history":[{"count":1,"href":"https:\/\/ateliers-francais.gc-dev.fr\/index.php?rest_route=\/wp\/v2\/product\/9947\/revisions"}],"predecessor-version":[{"id":10064,"href":"https:\/\/ateliers-francais.gc-dev.fr\/index.php?rest_route=\/wp\/v2\/product\/9947\/revisions\/10064"}],"wp:featuredmedia":[{"embeddable":true,"href":"https:\/\/ateliers-francais.gc-dev.fr\/index.php?rest_route=\/wp\/v2\/media\/10061"}],"wp:attachment":[{"href":"https:\/\/ateliers-francais.gc-dev.fr\/index.php?rest_route=%2Fwp%2Fv2%2Fmedia&parent=9947"}],"wp:term":[{"taxonomy":"product_cat","embeddable":true,"href":"https:\/\/ateliers-francais.gc-dev.fr\/index.php?rest_route=%2Fwp%2Fv2%2Fproduct_cat&post=9947"},{"taxonomy":"product_tag","embeddable":true,"href":"https:\/\/ateliers-francais.gc-dev.fr\/index.php?rest_route=%2Fwp%2Fv2%2Fproduct_tag&post=9947"}],"curies":[{"name":"wp","href":"https:\/\/api.w.org\/{rel}","templated":true}]}}