{"id":9945,"date":"2023-10-17T02:47:52","date_gmt":"2023-10-17T00:47:52","guid":{"rendered":"https:\/\/ateliers-francais.gc-dev.fr\/?post_type=product&#038;p=9945"},"modified":"2023-10-17T02:57:18","modified_gmt":"2023-10-17T00:57:18","slug":"juicy-01174","status":"publish","type":"product","link":"https:\/\/ateliers-francais.gc-dev.fr\/?product=juicy-01174","title":{"rendered":"JUICY &#8211; 01174"},"content":{"rendered":"<div class=\"std\"><strong>French terry<\/strong><\/div>\n<h3 class=\"\">Qualit\u00e9<\/h3>\n<div class=\"std\">\n<div>FRENCH TERRY 240<\/div>\n<div>80% coton &#8211; 20% polyester<\/div>\n<\/div>\n<h3 class=\"bordure\">Style<\/h3>\n<div class=\"std\">\n<div>SPORT<\/div>\n<div>Taille \u00e9lastiqu\u00e9e<br \/>\n2 poches lat\u00e9rales<br \/>\nBas avec biais contrast\u00e9s<\/div>\n<\/div>\n","protected":false},"excerpt":{"rendered":"<p>French terry Qualit\u00e9 FRENCH TERRY 240 80% coton &#8211; 20% polyester Style SPORT Taille \u00e9lastiqu\u00e9e 2 poches lat\u00e9rales Bas avec<\/p>\n","protected":false},"featured_media":10046,"comment_status":"open","ping_status":"closed","template":"","meta":[],"product_cat":[150],"product_tag":[],"class_list":{"0":"post-9945","1":"product","2":"type-product","3":"status-publish","4":"has-post-thumbnail","6":"product_cat-short","8":"first","9":"instock","10":"shipping-taxable","11":"purchasable","12":"product-type-variable"},"_links":{"self":[{"href":"https:\/\/ateliers-francais.gc-dev.fr\/index.php?rest_route=\/wp\/v2\/product\/9945","targetHints":{"allow":["GET"]}}],"collection":[{"href":"https:\/\/ateliers-francais.gc-dev.fr\/index.php?rest_route=\/wp\/v2\/product"}],"about":[{"href":"https:\/\/ateliers-francais.gc-dev.fr\/index.php?rest_route=\/wp\/v2\/types\/product"}],"replies":[{"embeddable":true,"href":"https:\/\/ateliers-francais.gc-dev.fr\/index.php?rest_route=%2Fwp%2Fv2%2Fcomments&post=9945"}],"version-history":[{"count":1,"href":"https:\/\/ateliers-francais.gc-dev.fr\/index.php?rest_route=\/wp\/v2\/product\/9945\/revisions"}],"predecessor-version":[{"id":10049,"href":"https:\/\/ateliers-francais.gc-dev.fr\/index.php?rest_route=\/wp\/v2\/product\/9945\/revisions\/10049"}],"wp:featuredmedia":[{"embeddable":true,"href":"https:\/\/ateliers-francais.gc-dev.fr\/index.php?rest_route=\/wp\/v2\/media\/10046"}],"wp:attachment":[{"href":"https:\/\/ateliers-francais.gc-dev.fr\/index.php?rest_route=%2Fwp%2Fv2%2Fmedia&parent=9945"}],"wp:term":[{"taxonomy":"product_cat","embeddable":true,"href":"https:\/\/ateliers-francais.gc-dev.fr\/index.php?rest_route=%2Fwp%2Fv2%2Fproduct_cat&post=9945"},{"taxonomy":"product_tag","embeddable":true,"href":"https:\/\/ateliers-francais.gc-dev.fr\/index.php?rest_route=%2Fwp%2Fv2%2Fproduct_tag&post=9945"}],"curies":[{"name":"wp","href":"https:\/\/api.w.org\/{rel}","templated":true}]}}