{"id":9941,"date":"2023-10-17T02:47:52","date_gmt":"2023-10-17T00:47:52","guid":{"rendered":"https:\/\/ateliers-francais.gc-dev.fr\/?post_type=product&#038;p=9941"},"modified":"2023-10-17T02:56:13","modified_gmt":"2023-10-17T00:56:13","slug":"island-70-89000","status":"publish","type":"product","link":"https:\/\/ateliers-francais.gc-dev.fr\/?product=island-70-89000","title":{"rendered":"ISLAND 70-89000"},"content":{"rendered":"<div class=\"std\"><strong>Produit \u00ab\u00a0entr\u00e9e de gamme\u00a0\u00bb avec un liteau adapt\u00e9 \u00e0 tous types de marquages.<br \/>\nLarge choix de couleurs, elle appartient \u00e0 une gamme compl\u00e8te allant de la serviette invit\u00e9 \u00e0 la serviette de bain.<\/strong><\/div>\n<p><strong>Qualit\u00e9<\/strong><\/p>\n<div class=\"std\">\n<ul>\n<li>100% coton &#8211; 400 g\/m\u00b2<\/li>\n<li>1 liteau lisse pour personnalisation<\/li>\n<li>Patte d&rsquo;accroche<\/li>\n<li>Hauteur liteau 8 cm<\/li>\n<\/ul>\n<\/div>\n","protected":false},"excerpt":{"rendered":"<p>Produit \u00ab\u00a0entr\u00e9e de gamme\u00a0\u00bb avec un liteau adapt\u00e9 \u00e0 tous types de marquages. Large choix de couleurs, elle appartient \u00e0<\/p>\n","protected":false},"featured_media":10036,"comment_status":"open","ping_status":"closed","template":"","meta":[],"product_cat":[146],"product_tag":[],"class_list":{"0":"post-9941","1":"product","2":"type-product","3":"status-publish","4":"has-post-thumbnail","6":"product_cat-serviette","8":"first","9":"instock","10":"shipping-taxable","11":"purchasable","12":"product-type-variable"},"_links":{"self":[{"href":"https:\/\/ateliers-francais.gc-dev.fr\/index.php?rest_route=\/wp\/v2\/product\/9941","targetHints":{"allow":["GET"]}}],"collection":[{"href":"https:\/\/ateliers-francais.gc-dev.fr\/index.php?rest_route=\/wp\/v2\/product"}],"about":[{"href":"https:\/\/ateliers-francais.gc-dev.fr\/index.php?rest_route=\/wp\/v2\/types\/product"}],"replies":[{"embeddable":true,"href":"https:\/\/ateliers-francais.gc-dev.fr\/index.php?rest_route=%2Fwp%2Fv2%2Fcomments&post=9941"}],"version-history":[{"count":1,"href":"https:\/\/ateliers-francais.gc-dev.fr\/index.php?rest_route=\/wp\/v2\/product\/9941\/revisions"}],"predecessor-version":[{"id":10037,"href":"https:\/\/ateliers-francais.gc-dev.fr\/index.php?rest_route=\/wp\/v2\/product\/9941\/revisions\/10037"}],"wp:featuredmedia":[{"embeddable":true,"href":"https:\/\/ateliers-francais.gc-dev.fr\/index.php?rest_route=\/wp\/v2\/media\/10036"}],"wp:attachment":[{"href":"https:\/\/ateliers-francais.gc-dev.fr\/index.php?rest_route=%2Fwp%2Fv2%2Fmedia&parent=9941"}],"wp:term":[{"taxonomy":"product_cat","embeddable":true,"href":"https:\/\/ateliers-francais.gc-dev.fr\/index.php?rest_route=%2Fwp%2Fv2%2Fproduct_cat&post=9941"},{"taxonomy":"product_tag","embeddable":true,"href":"https:\/\/ateliers-francais.gc-dev.fr\/index.php?rest_route=%2Fwp%2Fv2%2Fproduct_tag&post=9941"}],"curies":[{"name":"wp","href":"https:\/\/api.w.org\/{rel}","templated":true}]}}