{"id":9936,"date":"2023-10-17T02:47:52","date_gmt":"2023-10-17T00:47:52","guid":{"rendered":"https:\/\/ateliers-francais.gc-dev.fr\/?post_type=product&#038;p=9936"},"modified":"2023-10-17T02:55:35","modified_gmt":"2023-10-17T00:55:35","slug":"ride-women-01170","status":"publish","type":"product","link":"https:\/\/ateliers-francais.gc-dev.fr\/?product=ride-women-01170","title":{"rendered":"RIDE WOMEN-01170"},"content":{"rendered":"<div class=\"std\"><strong>Doudoune light, coupe ajust\u00e9e, doublures et zip contrast\u00e9s<\/strong><\/div>\n<h3 class=\"\">Qualit\u00e9<\/h3>\n<div class=\"std\">\n<ul>\n<li>100% nylon<\/li>\n<li>Doublure 100% nylon<\/li>\n<li>Matelassage 100% polyester &#8211; 180 g\/m\u00b2<\/li>\n<\/ul>\n<\/div>\n<h3 class=\"bordure\">Style<\/h3>\n<div class=\"std\">\n<ul>\n<li>OUTDOOR<\/li>\n<li>2 poches avec un zip fantaisie assorti \u00e0 la doublure<\/li>\n<li>Col montant, coup\u00e9 pr\u00e8s du corps<\/li>\n<li>Finitions manches et bas de v\u00eatements biais ton sur ton<\/li>\n<\/ul>\n<\/div>\n","protected":false},"excerpt":{"rendered":"<p>Doudoune light, coupe ajust\u00e9e, doublures et zip contrast\u00e9s Qualit\u00e9 100% nylon Doublure 100% nylon Matelassage 100% polyester &#8211; 180 g\/m\u00b2<\/p>\n","protected":false},"featured_media":10014,"comment_status":"open","ping_status":"closed","template":"","meta":[],"product_cat":[142],"product_tag":[],"class_list":{"0":"post-9936","1":"product","2":"type-product","3":"status-publish","4":"has-post-thumbnail","6":"product_cat-classique","8":"first","9":"instock","10":"shipping-taxable","11":"purchasable","12":"product-type-variable"},"_links":{"self":[{"href":"https:\/\/ateliers-francais.gc-dev.fr\/index.php?rest_route=\/wp\/v2\/product\/9936","targetHints":{"allow":["GET"]}}],"collection":[{"href":"https:\/\/ateliers-francais.gc-dev.fr\/index.php?rest_route=\/wp\/v2\/product"}],"about":[{"href":"https:\/\/ateliers-francais.gc-dev.fr\/index.php?rest_route=\/wp\/v2\/types\/product"}],"replies":[{"embeddable":true,"href":"https:\/\/ateliers-francais.gc-dev.fr\/index.php?rest_route=%2Fwp%2Fv2%2Fcomments&post=9936"}],"version-history":[{"count":1,"href":"https:\/\/ateliers-francais.gc-dev.fr\/index.php?rest_route=\/wp\/v2\/product\/9936\/revisions"}],"predecessor-version":[{"id":10017,"href":"https:\/\/ateliers-francais.gc-dev.fr\/index.php?rest_route=\/wp\/v2\/product\/9936\/revisions\/10017"}],"wp:featuredmedia":[{"embeddable":true,"href":"https:\/\/ateliers-francais.gc-dev.fr\/index.php?rest_route=\/wp\/v2\/media\/10014"}],"wp:attachment":[{"href":"https:\/\/ateliers-francais.gc-dev.fr\/index.php?rest_route=%2Fwp%2Fv2%2Fmedia&parent=9936"}],"wp:term":[{"taxonomy":"product_cat","embeddable":true,"href":"https:\/\/ateliers-francais.gc-dev.fr\/index.php?rest_route=%2Fwp%2Fv2%2Fproduct_cat&post=9936"},{"taxonomy":"product_tag","embeddable":true,"href":"https:\/\/ateliers-francais.gc-dev.fr\/index.php?rest_route=%2Fwp%2Fv2%2Fproduct_tag&post=9936"}],"curies":[{"name":"wp","href":"https:\/\/api.w.org\/{rel}","templated":true}]}}