{"id":9929,"date":"2023-10-17T02:47:52","date_gmt":"2023-10-17T00:47:52","guid":{"rendered":"https:\/\/ateliers-francais.gc-dev.fr\/?post_type=product&#038;p=9929"},"modified":"2023-10-17T02:53:38","modified_gmt":"2023-10-17T00:53:38","slug":"snapback-rc082x","status":"publish","type":"product","link":"https:\/\/ateliers-francais.gc-dev.fr\/?product=snapback-rc082x","title":{"rendered":"SNAPBACK-RC082X"},"content":{"rendered":"<ul>\n<li>100% acrylique (twill)<\/li>\n<li>Int\u00e9rieur: 100% coton<\/li>\n<li>6 panneaux<\/li>\n<li>Panneau avant rigide<\/li>\n<li>Visi\u00e8re plate avec 6 coutures<\/li>\n<li>Visi\u00e8re en PU recycl\u00e9<\/li>\n<li>Bouton de couleur contrast\u00e9e, boutons et \u0153illets cousus<\/li>\n<li>Ajusteur \u00e0 l&rsquo;arri\u00e8re<\/li>\n<li>\u00c9tiquette d\u00e9tachable<\/li>\n<li>Parfait pour la broderie<\/li>\n<\/ul>\n","protected":false},"excerpt":{"rendered":"<p>100% acrylique (twill) Int\u00e9rieur: 100% coton 6 panneaux Panneau avant rigide Visi\u00e8re plate avec 6 coutures Visi\u00e8re en PU recycl\u00e9<\/p>\n","protected":false},"featured_media":9975,"comment_status":"open","ping_status":"closed","template":"","meta":[],"product_cat":[132],"product_tag":[],"class_list":{"0":"post-9929","1":"product","2":"type-product","3":"status-publish","4":"has-post-thumbnail","6":"product_cat-casquette","8":"first","9":"instock","10":"shipping-taxable","11":"purchasable","12":"product-type-variable"},"_links":{"self":[{"href":"https:\/\/ateliers-francais.gc-dev.fr\/index.php?rest_route=\/wp\/v2\/product\/9929","targetHints":{"allow":["GET"]}}],"collection":[{"href":"https:\/\/ateliers-francais.gc-dev.fr\/index.php?rest_route=\/wp\/v2\/product"}],"about":[{"href":"https:\/\/ateliers-francais.gc-dev.fr\/index.php?rest_route=\/wp\/v2\/types\/product"}],"replies":[{"embeddable":true,"href":"https:\/\/ateliers-francais.gc-dev.fr\/index.php?rest_route=%2Fwp%2Fv2%2Fcomments&post=9929"}],"version-history":[{"count":1,"href":"https:\/\/ateliers-francais.gc-dev.fr\/index.php?rest_route=\/wp\/v2\/product\/9929\/revisions"}],"predecessor-version":[{"id":9976,"href":"https:\/\/ateliers-francais.gc-dev.fr\/index.php?rest_route=\/wp\/v2\/product\/9929\/revisions\/9976"}],"wp:featuredmedia":[{"embeddable":true,"href":"https:\/\/ateliers-francais.gc-dev.fr\/index.php?rest_route=\/wp\/v2\/media\/9975"}],"wp:attachment":[{"href":"https:\/\/ateliers-francais.gc-dev.fr\/index.php?rest_route=%2Fwp%2Fv2%2Fmedia&parent=9929"}],"wp:term":[{"taxonomy":"product_cat","embeddable":true,"href":"https:\/\/ateliers-francais.gc-dev.fr\/index.php?rest_route=%2Fwp%2Fv2%2Fproduct_cat&post=9929"},{"taxonomy":"product_tag","embeddable":true,"href":"https:\/\/ateliers-francais.gc-dev.fr\/index.php?rest_route=%2Fwp%2Fv2%2Fproduct_tag&post=9929"}],"curies":[{"name":"wp","href":"https:\/\/api.w.org\/{rel}","templated":true}]}}