{"id":9924,"date":"2023-10-17T02:47:51","date_gmt":"2023-10-17T00:47:51","guid":{"rendered":"https:\/\/ateliers-francais.gc-dev.fr\/?post_type=product&#038;p=9924"},"modified":"2023-10-17T02:54:21","modified_gmt":"2023-10-17T00:54:21","slug":"casquette-b15c","status":"publish","type":"product","link":"https:\/\/ateliers-francais.gc-dev.fr\/?product=casquette-b15c","title":{"rendered":"CASQUETTE-B15C"},"content":{"rendered":"<ul>\n<li>100% coton drill.<\/li>\n<li>Mod\u00e8le 5 panneaux.<\/li>\n<li>Visi\u00e8re pr\u00e9form\u00e9e avec sandwich de couleur contrast\u00e9e.<\/li>\n<li>Taille r\u00e9glable Rip-Strip\u2122.<\/li>\n<\/ul>\n","protected":false},"excerpt":{"rendered":"<p>100% coton drill. Mod\u00e8le 5 panneaux. Visi\u00e8re pr\u00e9form\u00e9e avec sandwich de couleur contrast\u00e9e. Taille r\u00e9glable Rip-Strip\u2122.<\/p>\n","protected":false},"featured_media":9965,"comment_status":"open","ping_status":"closed","template":"","meta":[],"product_cat":[132],"product_tag":[],"class_list":{"0":"post-9924","1":"product","2":"type-product","3":"status-publish","4":"has-post-thumbnail","6":"product_cat-casquette","8":"first","9":"instock","10":"shipping-taxable","11":"purchasable","12":"product-type-variable"},"_links":{"self":[{"href":"https:\/\/ateliers-francais.gc-dev.fr\/index.php?rest_route=\/wp\/v2\/product\/9924","targetHints":{"allow":["GET"]}}],"collection":[{"href":"https:\/\/ateliers-francais.gc-dev.fr\/index.php?rest_route=\/wp\/v2\/product"}],"about":[{"href":"https:\/\/ateliers-francais.gc-dev.fr\/index.php?rest_route=\/wp\/v2\/types\/product"}],"replies":[{"embeddable":true,"href":"https:\/\/ateliers-francais.gc-dev.fr\/index.php?rest_route=%2Fwp%2Fv2%2Fcomments&post=9924"}],"version-history":[{"count":1,"href":"https:\/\/ateliers-francais.gc-dev.fr\/index.php?rest_route=\/wp\/v2\/product\/9924\/revisions"}],"predecessor-version":[{"id":9966,"href":"https:\/\/ateliers-francais.gc-dev.fr\/index.php?rest_route=\/wp\/v2\/product\/9924\/revisions\/9966"}],"wp:featuredmedia":[{"embeddable":true,"href":"https:\/\/ateliers-francais.gc-dev.fr\/index.php?rest_route=\/wp\/v2\/media\/9965"}],"wp:attachment":[{"href":"https:\/\/ateliers-francais.gc-dev.fr\/index.php?rest_route=%2Fwp%2Fv2%2Fmedia&parent=9924"}],"wp:term":[{"taxonomy":"product_cat","embeddable":true,"href":"https:\/\/ateliers-francais.gc-dev.fr\/index.php?rest_route=%2Fwp%2Fv2%2Fproduct_cat&post=9924"},{"taxonomy":"product_tag","embeddable":true,"href":"https:\/\/ateliers-francais.gc-dev.fr\/index.php?rest_route=%2Fwp%2Fv2%2Fproduct_tag&post=9924"}],"curies":[{"name":"wp","href":"https:\/\/api.w.org\/{rel}","templated":true}]}}