{"id":9923,"date":"2023-10-17T02:47:51","date_gmt":"2023-10-17T00:47:51","guid":{"rendered":"https:\/\/ateliers-francais.gc-dev.fr\/?post_type=product&#038;p=9923"},"modified":"2023-10-17T02:53:14","modified_gmt":"2023-10-17T00:53:14","slug":"rider-70100","status":"publish","type":"product","link":"https:\/\/ateliers-francais.gc-dev.fr\/?product=rider-70100","title":{"rendered":"RIDER-70100"},"content":{"rendered":"<ul>\n<li>Grand compartiment central avec double curseur.<\/li>\n<li>Poche frontale zipp\u00e9e.<\/li>\n<li>Passe-c\u00e2ble Bretelles r\u00e9glables matelass\u00e9es et renforc\u00e9es.<\/li>\n<li>Dos matelass\u00e9.<\/li>\n<\/ul>\n","protected":false},"excerpt":{"rendered":"<p>Grand compartiment central avec double curseur. Poche frontale zipp\u00e9e. Passe-c\u00e2ble Bretelles r\u00e9glables matelass\u00e9es et renforc\u00e9es. Dos matelass\u00e9.<\/p>\n","protected":false},"featured_media":9963,"comment_status":"open","ping_status":"closed","template":"","meta":[],"product_cat":[130],"product_tag":[],"class_list":{"0":"post-9923","1":"product","2":"type-product","3":"status-publish","4":"has-post-thumbnail","6":"product_cat-sac-a-dos","8":"first","9":"instock","10":"shipping-taxable","11":"purchasable","12":"product-type-variable"},"_links":{"self":[{"href":"https:\/\/ateliers-francais.gc-dev.fr\/index.php?rest_route=\/wp\/v2\/product\/9923","targetHints":{"allow":["GET"]}}],"collection":[{"href":"https:\/\/ateliers-francais.gc-dev.fr\/index.php?rest_route=\/wp\/v2\/product"}],"about":[{"href":"https:\/\/ateliers-francais.gc-dev.fr\/index.php?rest_route=\/wp\/v2\/types\/product"}],"replies":[{"embeddable":true,"href":"https:\/\/ateliers-francais.gc-dev.fr\/index.php?rest_route=%2Fwp%2Fv2%2Fcomments&post=9923"}],"version-history":[{"count":1,"href":"https:\/\/ateliers-francais.gc-dev.fr\/index.php?rest_route=\/wp\/v2\/product\/9923\/revisions"}],"predecessor-version":[{"id":9964,"href":"https:\/\/ateliers-francais.gc-dev.fr\/index.php?rest_route=\/wp\/v2\/product\/9923\/revisions\/9964"}],"wp:featuredmedia":[{"embeddable":true,"href":"https:\/\/ateliers-francais.gc-dev.fr\/index.php?rest_route=\/wp\/v2\/media\/9963"}],"wp:attachment":[{"href":"https:\/\/ateliers-francais.gc-dev.fr\/index.php?rest_route=%2Fwp%2Fv2%2Fmedia&parent=9923"}],"wp:term":[{"taxonomy":"product_cat","embeddable":true,"href":"https:\/\/ateliers-francais.gc-dev.fr\/index.php?rest_route=%2Fwp%2Fv2%2Fproduct_cat&post=9923"},{"taxonomy":"product_tag","embeddable":true,"href":"https:\/\/ateliers-francais.gc-dev.fr\/index.php?rest_route=%2Fwp%2Fv2%2Fproduct_tag&post=9923"}],"curies":[{"name":"wp","href":"https:\/\/api.w.org\/{rel}","templated":true}]}}