{"id":9922,"date":"2023-10-17T02:47:51","date_gmt":"2023-10-17T00:47:51","guid":{"rendered":"https:\/\/ateliers-francais.gc-dev.fr\/?post_type=product&#038;p=9922"},"modified":"2023-10-17T02:53:14","modified_gmt":"2023-10-17T00:53:14","slug":"airport-71110","status":"publish","type":"product","link":"https:\/\/ateliers-francais.gc-dev.fr\/?product=airport-71110","title":{"rendered":"AIRPORT-71110"},"content":{"rendered":"<ul>\n<li>Valise trolley 2 roues.<\/li>\n<li>Int\u00e9rieur enti\u00e8rement doubl\u00e9 avec 2 sangles pour maintien des v\u00eatements et compartiment matelass\u00e9 pour ordinateur.<\/li>\n<li>Filet int\u00e9rieur plaqu\u00e9.<\/li>\n<li>Grande poche frontale zipp\u00e9e avec compartiment.<\/li>\n<li>Soufflet et poches int\u00e9rieures multifonctions 1 poche frontale plaqu\u00e9e zipp\u00e9e.<\/li>\n<li>Poign\u00e9e t\u00e9lescopique aluminium.<\/li>\n<\/ul>\n","protected":false},"excerpt":{"rendered":"<p>Valise trolley 2 roues. Int\u00e9rieur enti\u00e8rement doubl\u00e9 avec 2 sangles pour maintien des v\u00eatements et compartiment matelass\u00e9 pour ordinateur. Filet<\/p>\n","protected":false},"featured_media":9961,"comment_status":"open","ping_status":"closed","template":"","meta":[],"product_cat":[129],"product_tag":[],"class_list":{"0":"post-9922","1":"product","2":"type-product","3":"status-publish","4":"has-post-thumbnail","6":"product_cat-valise","8":"first","9":"instock","10":"shipping-taxable","11":"purchasable","12":"product-type-variable"},"_links":{"self":[{"href":"https:\/\/ateliers-francais.gc-dev.fr\/index.php?rest_route=\/wp\/v2\/product\/9922","targetHints":{"allow":["GET"]}}],"collection":[{"href":"https:\/\/ateliers-francais.gc-dev.fr\/index.php?rest_route=\/wp\/v2\/product"}],"about":[{"href":"https:\/\/ateliers-francais.gc-dev.fr\/index.php?rest_route=\/wp\/v2\/types\/product"}],"replies":[{"embeddable":true,"href":"https:\/\/ateliers-francais.gc-dev.fr\/index.php?rest_route=%2Fwp%2Fv2%2Fcomments&post=9922"}],"version-history":[{"count":1,"href":"https:\/\/ateliers-francais.gc-dev.fr\/index.php?rest_route=\/wp\/v2\/product\/9922\/revisions"}],"predecessor-version":[{"id":9962,"href":"https:\/\/ateliers-francais.gc-dev.fr\/index.php?rest_route=\/wp\/v2\/product\/9922\/revisions\/9962"}],"wp:featuredmedia":[{"embeddable":true,"href":"https:\/\/ateliers-francais.gc-dev.fr\/index.php?rest_route=\/wp\/v2\/media\/9961"}],"wp:attachment":[{"href":"https:\/\/ateliers-francais.gc-dev.fr\/index.php?rest_route=%2Fwp%2Fv2%2Fmedia&parent=9922"}],"wp:term":[{"taxonomy":"product_cat","embeddable":true,"href":"https:\/\/ateliers-francais.gc-dev.fr\/index.php?rest_route=%2Fwp%2Fv2%2Fproduct_cat&post=9922"},{"taxonomy":"product_tag","embeddable":true,"href":"https:\/\/ateliers-francais.gc-dev.fr\/index.php?rest_route=%2Fwp%2Fv2%2Fproduct_tag&post=9922"}],"curies":[{"name":"wp","href":"https:\/\/api.w.org\/{rel}","templated":true}]}}