{"id":9921,"date":"2023-10-17T02:47:51","date_gmt":"2023-10-17T00:47:51","guid":{"rendered":"https:\/\/ateliers-francais.gc-dev.fr\/?post_type=product&#038;p=9921"},"modified":"2023-10-17T02:51:52","modified_gmt":"2023-10-17T00:51:52","slug":"imperial-kids-11770","status":"publish","type":"product","link":"https:\/\/ateliers-francais.gc-dev.fr\/?product=imperial-kids-11770","title":{"rendered":"IMPERIAL KIDS-11770"},"content":{"rendered":"<h3 class=\"\">Qualit\u00e9<\/h3>\n<div class=\"std\">\n<div>JERSEY 190<\/div>\n<div>100% coton semi-peign\u00e9 Ringspun<br \/>\nBande de propret\u00e9 au col<br \/>\nCol avec bord c\u00f4te \u00e9lasthanne<\/div>\n<\/div>\n<h3 class=\"bordure\">Style<\/h3>\n<div class=\"std\">\n<div>CLASSIQUE<\/div>\n<div>Manches courtes<br \/>\nCoup\u00e9 cousu (2-6 ans) ou tubulaire (\u00e0 partir du 8 ans)<\/div>\n<\/div>\n","protected":false},"excerpt":{"rendered":"<p>Qualit\u00e9 JERSEY 190 100% coton semi-peign\u00e9 Ringspun Bande de propret\u00e9 au col Col avec bord c\u00f4te \u00e9lasthanne Style CLASSIQUE Manches<\/p>\n","protected":false},"featured_media":9957,"comment_status":"open","ping_status":"closed","template":"","meta":[],"product_cat":[127,125],"product_tag":[],"class_list":{"0":"post-9921","1":"product","2":"type-product","3":"status-publish","4":"has-post-thumbnail","6":"product_cat-manches-courtes","7":"product_cat-t-shirt","9":"first","10":"instock","11":"shipping-taxable","12":"purchasable","13":"product-type-variable"},"_links":{"self":[{"href":"https:\/\/ateliers-francais.gc-dev.fr\/index.php?rest_route=\/wp\/v2\/product\/9921","targetHints":{"allow":["GET"]}}],"collection":[{"href":"https:\/\/ateliers-francais.gc-dev.fr\/index.php?rest_route=\/wp\/v2\/product"}],"about":[{"href":"https:\/\/ateliers-francais.gc-dev.fr\/index.php?rest_route=\/wp\/v2\/types\/product"}],"replies":[{"embeddable":true,"href":"https:\/\/ateliers-francais.gc-dev.fr\/index.php?rest_route=%2Fwp%2Fv2%2Fcomments&post=9921"}],"version-history":[{"count":1,"href":"https:\/\/ateliers-francais.gc-dev.fr\/index.php?rest_route=\/wp\/v2\/product\/9921\/revisions"}],"predecessor-version":[{"id":9960,"href":"https:\/\/ateliers-francais.gc-dev.fr\/index.php?rest_route=\/wp\/v2\/product\/9921\/revisions\/9960"}],"wp:featuredmedia":[{"embeddable":true,"href":"https:\/\/ateliers-francais.gc-dev.fr\/index.php?rest_route=\/wp\/v2\/media\/9957"}],"wp:attachment":[{"href":"https:\/\/ateliers-francais.gc-dev.fr\/index.php?rest_route=%2Fwp%2Fv2%2Fmedia&parent=9921"}],"wp:term":[{"taxonomy":"product_cat","embeddable":true,"href":"https:\/\/ateliers-francais.gc-dev.fr\/index.php?rest_route=%2Fwp%2Fv2%2Fproduct_cat&post=9921"},{"taxonomy":"product_tag","embeddable":true,"href":"https:\/\/ateliers-francais.gc-dev.fr\/index.php?rest_route=%2Fwp%2Fv2%2Fproduct_tag&post=9921"}],"curies":[{"name":"wp","href":"https:\/\/api.w.org\/{rel}","templated":true}]}}