{"id":11831,"date":"2023-10-17T03:00:32","date_gmt":"2023-10-17T01:00:32","guid":{"rendered":"https:\/\/ateliers-francais.gc-dev.fr\/?post_type=product&#038;p=11831"},"modified":"2023-10-17T03:00:42","modified_gmt":"2023-10-17T01:00:42","slug":"chaussure-steelite-aire-s1p-ft25","status":"publish","type":"product","link":"https:\/\/ateliers-francais.gc-dev.fr\/?product=chaussure-steelite-aire-s1p-ft25","title":{"rendered":"Chaussure Steelite Aire S1P FT25"},"content":{"rendered":"<h3 class=\"text-left\">Caract\u00e9ristiques<\/h3>\n<p>&nbsp;<\/p>\n<ul>\n<li>Certifi\u00e9 CE<\/li>\n<li>coquille acier<\/li>\n<li>Chaussures anti-statique<\/li>\n<li>Talon avec absorption d&rsquo;\u00e9nergie<\/li>\n<li>SRC &#8211; Semelle ext\u00e9rieure antid\u00e9rapante pour emp\u00eacher les glissades et les tr\u00e9buchements sur les surfaces en c\u00e9ramique et en acier<\/li>\n<li>semelle resistant aux huiles et hydrocarbures<\/li>\n<\/ul>\n<p>&nbsp;<\/p>\n<h3 class=\"text-left\">Mati\u00e8res<\/h3>\n<p>Tricot\u00e9 dessus<\/p>\n<h3 class=\"text-left\">Normes<\/h3>\n<p>&nbsp;<\/p>\n<ul>\n<li>EN ISO 20345:2011<\/li>\n<\/ul>\n<p>&nbsp;<\/p>\n","protected":false},"excerpt":{"rendered":"<p>Tige en tissu styl\u00e9 et ultra moderne avec une semelle double densit\u00e9 confortable et solide pour un confort tout au long de la journ\u00e9e. L\u00e9g\u00e8re et respirante. Convient pour une utilisation industrielle l\u00e9g\u00e8re. Livr\u00e9e avec une paire de lacets de rechange contrast\u00e9s.<\/p>\n","protected":false},"featured_media":11841,"comment_status":"open","ping_status":"closed","template":"","meta":[],"product_cat":[242,226],"product_tag":[],"class_list":{"0":"post-11831","1":"product","2":"type-product","3":"status-publish","4":"has-post-thumbnail","6":"product_cat-chaussure","7":"product_cat-workwear-epi","9":"first","10":"instock","11":"shipping-taxable","12":"purchasable","13":"product-type-variable"},"_links":{"self":[{"href":"https:\/\/ateliers-francais.gc-dev.fr\/index.php?rest_route=\/wp\/v2\/product\/11831","targetHints":{"allow":["GET"]}}],"collection":[{"href":"https:\/\/ateliers-francais.gc-dev.fr\/index.php?rest_route=\/wp\/v2\/product"}],"about":[{"href":"https:\/\/ateliers-francais.gc-dev.fr\/index.php?rest_route=\/wp\/v2\/types\/product"}],"replies":[{"embeddable":true,"href":"https:\/\/ateliers-francais.gc-dev.fr\/index.php?rest_route=%2Fwp%2Fv2%2Fcomments&post=11831"}],"version-history":[{"count":1,"href":"https:\/\/ateliers-francais.gc-dev.fr\/index.php?rest_route=\/wp\/v2\/product\/11831\/revisions"}],"predecessor-version":[{"id":11842,"href":"https:\/\/ateliers-francais.gc-dev.fr\/index.php?rest_route=\/wp\/v2\/product\/11831\/revisions\/11842"}],"wp:featuredmedia":[{"embeddable":true,"href":"https:\/\/ateliers-francais.gc-dev.fr\/index.php?rest_route=\/wp\/v2\/media\/11841"}],"wp:attachment":[{"href":"https:\/\/ateliers-francais.gc-dev.fr\/index.php?rest_route=%2Fwp%2Fv2%2Fmedia&parent=11831"}],"wp:term":[{"taxonomy":"product_cat","embeddable":true,"href":"https:\/\/ateliers-francais.gc-dev.fr\/index.php?rest_route=%2Fwp%2Fv2%2Fproduct_cat&post=11831"},{"taxonomy":"product_tag","embeddable":true,"href":"https:\/\/ateliers-francais.gc-dev.fr\/index.php?rest_route=%2Fwp%2Fv2%2Fproduct_tag&post=11831"}],"curies":[{"name":"wp","href":"https:\/\/api.w.org\/{rel}","templated":true}]}}