{"id":11794,"date":"2023-10-17T03:00:26","date_gmt":"2023-10-17T01:00:26","guid":{"rendered":"https:\/\/ateliers-francais.gc-dev.fr\/?post_type=product&#038;p=11794"},"modified":"2023-10-17T03:00:36","modified_gmt":"2023-10-17T01:00:36","slug":"bottillon-steelite-dealer-s1p-fw51","status":"publish","type":"product","link":"https:\/\/ateliers-francais.gc-dev.fr\/?product=bottillon-steelite-dealer-s1p-fw51","title":{"rendered":"Bottillon Steelite Dealer S1P FW51"},"content":{"rendered":"<h3 class=\"text-left\">Caract\u00e9ristiques<\/h3>\n<ul>\n<li>Certifi\u00e9 CE<\/li>\n<li>coquille acier<\/li>\n<li>Chaussures anti-statique<\/li>\n<li>Talon avec absorption d&rsquo;\u00e9nergie<\/li>\n<li>SRC &#8211; Semelle ext\u00e9rieure antid\u00e9rapante pour emp\u00eacher les glissades et les tr\u00e9buchements sur les surfaces en c\u00e9ramique et en acier<\/li>\n<li>semelle resistant aux huiles et hydrocarbures<\/li>\n<\/ul>\n<h3 class=\"text-left\">Normes<\/h3>\n<ul>\n<li>EN ISO 20345:2011<\/li>\n<\/ul>\n","protected":false},"excerpt":{"rendered":"<p>Bottillon de s\u00e9curit\u00e9 de style traditionnel avec embout m\u00e9tallique et semelle anti-perforation acier.<\/p>\n","protected":false},"featured_media":11806,"comment_status":"open","ping_status":"closed","template":"","meta":[],"product_cat":[242,226],"product_tag":[],"class_list":{"0":"post-11794","1":"product","2":"type-product","3":"status-publish","4":"has-post-thumbnail","6":"product_cat-chaussure","7":"product_cat-workwear-epi","9":"first","10":"instock","11":"shipping-taxable","12":"purchasable","13":"product-type-variable"},"_links":{"self":[{"href":"https:\/\/ateliers-francais.gc-dev.fr\/index.php?rest_route=\/wp\/v2\/product\/11794","targetHints":{"allow":["GET"]}}],"collection":[{"href":"https:\/\/ateliers-francais.gc-dev.fr\/index.php?rest_route=\/wp\/v2\/product"}],"about":[{"href":"https:\/\/ateliers-francais.gc-dev.fr\/index.php?rest_route=\/wp\/v2\/types\/product"}],"replies":[{"embeddable":true,"href":"https:\/\/ateliers-francais.gc-dev.fr\/index.php?rest_route=%2Fwp%2Fv2%2Fcomments&post=11794"}],"version-history":[{"count":1,"href":"https:\/\/ateliers-francais.gc-dev.fr\/index.php?rest_route=\/wp\/v2\/product\/11794\/revisions"}],"predecessor-version":[{"id":11808,"href":"https:\/\/ateliers-francais.gc-dev.fr\/index.php?rest_route=\/wp\/v2\/product\/11794\/revisions\/11808"}],"wp:featuredmedia":[{"embeddable":true,"href":"https:\/\/ateliers-francais.gc-dev.fr\/index.php?rest_route=\/wp\/v2\/media\/11806"}],"wp:attachment":[{"href":"https:\/\/ateliers-francais.gc-dev.fr\/index.php?rest_route=%2Fwp%2Fv2%2Fmedia&parent=11794"}],"wp:term":[{"taxonomy":"product_cat","embeddable":true,"href":"https:\/\/ateliers-francais.gc-dev.fr\/index.php?rest_route=%2Fwp%2Fv2%2Fproduct_cat&post=11794"},{"taxonomy":"product_tag","embeddable":true,"href":"https:\/\/ateliers-francais.gc-dev.fr\/index.php?rest_route=%2Fwp%2Fv2%2Fproduct_tag&post=11794"}],"curies":[{"name":"wp","href":"https:\/\/api.w.org\/{rel}","templated":true}]}}