{"id":11779,"date":"2023-10-17T03:00:25","date_gmt":"2023-10-17T01:00:25","guid":{"rendered":"https:\/\/ateliers-francais.gc-dev.fr\/?post_type=product&#038;p=11779"},"modified":"2023-10-17T03:00:30","modified_gmt":"2023-10-17T01:00:30","slug":"brodequin-portwest-s1-compositelite-noir-fc21","status":"publish","type":"product","link":"https:\/\/ateliers-francais.gc-dev.fr\/?product=brodequin-portwest-s1-compositelite-noir-fc21","title":{"rendered":"Brodequin Portwest S1 Compositelite Noir FC21"},"content":{"rendered":"<h3 class=\"text-left\">Caract\u00e9ristiques<\/h3>\n<ul>\n<li>Certifi\u00e9 CE<\/li>\n<li>Coquille Composite 200 joule pour plus de protection<\/li>\n<li>Chaussures anti-statique<\/li>\n<li>Talon avec absorption d&rsquo;\u00e9nergie<\/li>\n<li>SRC &#8211; Semelle ext\u00e9rieure antid\u00e9rapante pour emp\u00eacher les glissades et les tr\u00e9buchements sur les surfaces en c\u00e9ramique et en acier<\/li>\n<li>semelle resistant aux huiles et hydrocarbures<\/li>\n<li>100% non-m\u00e9tallique<\/li>\n<li>Embout composite<\/li>\n<\/ul>\n<h3 class=\"text-left\">Mati\u00e8res<\/h3>\n<p>Cuir croute<\/p>\n<h3 class=\"text-left\">Normes<\/h3>\n<p>&nbsp;<\/p>\n<ul>\n<li>EN ISO 20345:2011 S1<\/li>\n<\/ul>\n<p>&nbsp;<\/p>\n","protected":false},"excerpt":{"rendered":"<p>Ce brodequin tr\u00e9s l\u00e8ger est 100% sans parties m\u00e9talliques, parfait pour la s\u00e9curit\u00e9 dans les a\u00e9roports ou la s\u00e9curit\u00e9 en g\u00e9n\u00e9ral. Coquille composite et semelle PU bi-densit\u00e9.<\/p>\n","protected":false},"featured_media":11804,"comment_status":"open","ping_status":"closed","template":"","meta":[],"product_cat":[242,226],"product_tag":[],"class_list":{"0":"post-11779","1":"product","2":"type-product","3":"status-publish","4":"has-post-thumbnail","6":"product_cat-chaussure","7":"product_cat-workwear-epi","9":"first","10":"instock","11":"shipping-taxable","12":"purchasable","13":"product-type-variable"},"_links":{"self":[{"href":"https:\/\/ateliers-francais.gc-dev.fr\/index.php?rest_route=\/wp\/v2\/product\/11779","targetHints":{"allow":["GET"]}}],"collection":[{"href":"https:\/\/ateliers-francais.gc-dev.fr\/index.php?rest_route=\/wp\/v2\/product"}],"about":[{"href":"https:\/\/ateliers-francais.gc-dev.fr\/index.php?rest_route=\/wp\/v2\/types\/product"}],"replies":[{"embeddable":true,"href":"https:\/\/ateliers-francais.gc-dev.fr\/index.php?rest_route=%2Fwp%2Fv2%2Fcomments&post=11779"}],"version-history":[{"count":1,"href":"https:\/\/ateliers-francais.gc-dev.fr\/index.php?rest_route=\/wp\/v2\/product\/11779\/revisions"}],"predecessor-version":[{"id":11805,"href":"https:\/\/ateliers-francais.gc-dev.fr\/index.php?rest_route=\/wp\/v2\/product\/11779\/revisions\/11805"}],"wp:featuredmedia":[{"embeddable":true,"href":"https:\/\/ateliers-francais.gc-dev.fr\/index.php?rest_route=\/wp\/v2\/media\/11804"}],"wp:attachment":[{"href":"https:\/\/ateliers-francais.gc-dev.fr\/index.php?rest_route=%2Fwp%2Fv2%2Fmedia&parent=11779"}],"wp:term":[{"taxonomy":"product_cat","embeddable":true,"href":"https:\/\/ateliers-francais.gc-dev.fr\/index.php?rest_route=%2Fwp%2Fv2%2Fproduct_cat&post=11779"},{"taxonomy":"product_tag","embeddable":true,"href":"https:\/\/ateliers-francais.gc-dev.fr\/index.php?rest_route=%2Fwp%2Fv2%2Fproduct_tag&post=11779"}],"curies":[{"name":"wp","href":"https:\/\/api.w.org\/{rel}","templated":true}]}}