{"id":11751,"date":"2023-10-17T03:00:20","date_gmt":"2023-10-17T01:00:20","guid":{"rendered":"https:\/\/ateliers-francais.gc-dev.fr\/?post_type=product&#038;p=11751"},"modified":"2023-10-17T03:00:24","modified_gmt":"2023-10-17T01:00:24","slug":"brodequins-portwest-compositelite-camo-strike-s3-wr-fc56","status":"publish","type":"product","link":"https:\/\/ateliers-francais.gc-dev.fr\/?product=brodequins-portwest-compositelite-camo-strike-s3-wr-fc56","title":{"rendered":"Brodequins Portwest Compositelite Camo Strike S3 WR FC56"},"content":{"rendered":"<h3 class=\"text-left\">Caract\u00e9ristiques<\/h3>\n<p>&nbsp;<\/p>\n<ul>\n<li>Certifi\u00e9 CE<\/li>\n<li>Coquille Composite 200 joule pour plus de protection<\/li>\n<li>Semelle intercalaire matelass\u00e9e PU compositel\u00e9g\u00e8re<\/li>\n<li>Chaussures anti-statique<\/li>\n<li>Talon avec absorption d&rsquo;\u00e9nergie<\/li>\n<li>SRC &#8211; Semelle ext\u00e9rieure antid\u00e9rapante pour emp\u00eacher les glissades et les tr\u00e9buchements sur les surfaces en c\u00e9ramique et en acier<\/li>\n<li>semelle resistant aux huiles et hydrocarbures<\/li>\n<li>100% non-m\u00e9tallique<\/li>\n<\/ul>\n<p>&nbsp;<\/p>\n<h3 class=\"text-left\">Mati\u00e8res<\/h3>\n<p>Cuir Crazy Horse<\/p>\n<h3 class=\"text-left\">Normes<\/h3>\n<p>&nbsp;<\/p>\n<ul>\n<li>EN ISO 20345:2011<\/li>\n<\/ul>\n<p>&nbsp;<\/p>\n","protected":false},"excerpt":{"rendered":"<p>M\u00e9lange de style, protection et fonctionnalit\u00e9, cette chaussure est un nouvel ajout pour tous \u00e0 notre gamme. 100% non m\u00e9tallique avec embout en fibre de verre, semelle intercalaire anti-p\u00e9n\u00e9tration en composite et haut de tige rembourr\u00e9 pour un confort exceptionnel. Dot\u00e9 d&rsquo;une membrane imperm\u00e9able avec des pi\u00e8ces en tissu camouflage r\u00e9sistant \u00e0 l&rsquo;abrasion, hautement respirante, les pieds sont au sec toute la journ\u00e9e.<\/p>\n","protected":false},"featured_media":11770,"comment_status":"open","ping_status":"closed","template":"","meta":[],"product_cat":[242,226],"product_tag":[],"class_list":{"0":"post-11751","1":"product","2":"type-product","3":"status-publish","4":"has-post-thumbnail","6":"product_cat-chaussure","7":"product_cat-workwear-epi","9":"first","10":"instock","11":"shipping-taxable","12":"purchasable","13":"product-type-variable"},"_links":{"self":[{"href":"https:\/\/ateliers-francais.gc-dev.fr\/index.php?rest_route=\/wp\/v2\/product\/11751","targetHints":{"allow":["GET"]}}],"collection":[{"href":"https:\/\/ateliers-francais.gc-dev.fr\/index.php?rest_route=\/wp\/v2\/product"}],"about":[{"href":"https:\/\/ateliers-francais.gc-dev.fr\/index.php?rest_route=\/wp\/v2\/types\/product"}],"replies":[{"embeddable":true,"href":"https:\/\/ateliers-francais.gc-dev.fr\/index.php?rest_route=%2Fwp%2Fv2%2Fcomments&post=11751"}],"version-history":[{"count":1,"href":"https:\/\/ateliers-francais.gc-dev.fr\/index.php?rest_route=\/wp\/v2\/product\/11751\/revisions"}],"predecessor-version":[{"id":11771,"href":"https:\/\/ateliers-francais.gc-dev.fr\/index.php?rest_route=\/wp\/v2\/product\/11751\/revisions\/11771"}],"wp:featuredmedia":[{"embeddable":true,"href":"https:\/\/ateliers-francais.gc-dev.fr\/index.php?rest_route=\/wp\/v2\/media\/11770"}],"wp:attachment":[{"href":"https:\/\/ateliers-francais.gc-dev.fr\/index.php?rest_route=%2Fwp%2Fv2%2Fmedia&parent=11751"}],"wp:term":[{"taxonomy":"product_cat","embeddable":true,"href":"https:\/\/ateliers-francais.gc-dev.fr\/index.php?rest_route=%2Fwp%2Fv2%2Fproduct_cat&post=11751"},{"taxonomy":"product_tag","embeddable":true,"href":"https:\/\/ateliers-francais.gc-dev.fr\/index.php?rest_route=%2Fwp%2Fv2%2Fproduct_tag&post=11751"}],"curies":[{"name":"wp","href":"https:\/\/api.w.org\/{rel}","templated":true}]}}