{"id":11533,"date":"2023-10-17T02:59:36","date_gmt":"2023-10-17T00:59:36","guid":{"rendered":"https:\/\/ateliers-francais.gc-dev.fr\/?post_type=product&#038;p=11533"},"modified":"2023-10-17T02:59:56","modified_gmt":"2023-10-17T00:59:56","slug":"derby-steelite-s1p-fw14","status":"publish","type":"product","link":"https:\/\/ateliers-francais.gc-dev.fr\/?product=derby-steelite-s1p-fw14","title":{"rendered":"Derby Steelite S1P FW14"},"content":{"rendered":"<h3 class=\"text-left\">Caract\u00e9ristiques<\/h3>\n<p>&nbsp;<\/p>\n<ul>\n<li>Certifi\u00e9 CE<\/li>\n<li>Coquille acier<\/li>\n<li>Chaussures anti-statique<\/li>\n<li>Talon avec absorption d&rsquo;\u00e9nergie<\/li>\n<li>SRC &#8211; Semelle ext\u00e9rieure antid\u00e9rapante pour emp\u00eacher les glissades et les tr\u00e9buchements sur les surfaces en c\u00e9ramique et en acier<\/li>\n<li>Semelle ext\u00e9rieure r\u00e9sistante \u00e0 la chaleur &#8211; 120\u00b0C<\/li>\n<li>Semelle resistant aux huiles et hydrocarbures<\/li>\n<\/ul>\n<h3 class=\"text-left\">Normes<\/h3>\n<p>&nbsp;<\/p>\n<ul>\n<li>ASTM F2413-18<\/li>\n<li>AS 2210.3:2019<\/li>\n<li>EN ISO 20345:2011<\/li>\n<\/ul>\n<p>&nbsp;<\/p>\n<p>&nbsp;<\/p>\n","protected":false},"excerpt":{"rendered":"<p>Cette chaussure de s\u00e9curit\u00e9 populaire est l\u00e9g\u00e8re et solide vous permet de travailler en toute confiance. Superbe r\u00e9sistance aux glissements, r\u00e9sistant \u00e0 l&rsquo;huile , embout de protection et intercalaire en acier.<\/p>\n","protected":false},"featured_media":11570,"comment_status":"open","ping_status":"closed","template":"","meta":[],"product_cat":[242,226],"product_tag":[],"class_list":{"0":"post-11533","1":"product","2":"type-product","3":"status-publish","4":"has-post-thumbnail","6":"product_cat-chaussure","7":"product_cat-workwear-epi","9":"first","10":"instock","11":"shipping-taxable","12":"purchasable","13":"product-type-variable"},"_links":{"self":[{"href":"https:\/\/ateliers-francais.gc-dev.fr\/index.php?rest_route=\/wp\/v2\/product\/11533","targetHints":{"allow":["GET"]}}],"collection":[{"href":"https:\/\/ateliers-francais.gc-dev.fr\/index.php?rest_route=\/wp\/v2\/product"}],"about":[{"href":"https:\/\/ateliers-francais.gc-dev.fr\/index.php?rest_route=\/wp\/v2\/types\/product"}],"replies":[{"embeddable":true,"href":"https:\/\/ateliers-francais.gc-dev.fr\/index.php?rest_route=%2Fwp%2Fv2%2Fcomments&post=11533"}],"version-history":[{"count":1,"href":"https:\/\/ateliers-francais.gc-dev.fr\/index.php?rest_route=\/wp\/v2\/product\/11533\/revisions"}],"predecessor-version":[{"id":11571,"href":"https:\/\/ateliers-francais.gc-dev.fr\/index.php?rest_route=\/wp\/v2\/product\/11533\/revisions\/11571"}],"wp:featuredmedia":[{"embeddable":true,"href":"https:\/\/ateliers-francais.gc-dev.fr\/index.php?rest_route=\/wp\/v2\/media\/11570"}],"wp:attachment":[{"href":"https:\/\/ateliers-francais.gc-dev.fr\/index.php?rest_route=%2Fwp%2Fv2%2Fmedia&parent=11533"}],"wp:term":[{"taxonomy":"product_cat","embeddable":true,"href":"https:\/\/ateliers-francais.gc-dev.fr\/index.php?rest_route=%2Fwp%2Fv2%2Fproduct_cat&post=11533"},{"taxonomy":"product_tag","embeddable":true,"href":"https:\/\/ateliers-francais.gc-dev.fr\/index.php?rest_route=%2Fwp%2Fv2%2Fproduct_tag&post=11533"}],"curies":[{"name":"wp","href":"https:\/\/api.w.org\/{rel}","templated":true}]}}