{"id":11530,"date":"2023-10-17T02:59:35","date_gmt":"2023-10-17T00:59:35","guid":{"rendered":"https:\/\/ateliers-francais.gc-dev.fr\/?post_type=product&#038;p=11530"},"modified":"2023-10-17T02:59:47","modified_gmt":"2023-10-17T00:59:47","slug":"protection-doreille-a-pince-premium-ps45","status":"publish","type":"product","link":"https:\/\/ateliers-francais.gc-dev.fr\/?product=protection-doreille-a-pince-premium-ps45","title":{"rendered":"Protection d&rsquo;oreille \u00e0 pince Premium PS45"},"content":{"rendered":"<h3 class=\"text-left\">Caract\u00e9ristiques<\/h3>\n<p>&nbsp;<\/p>\n<ul>\n<li>emball\u00e9 individuellement pour les distributeurs automatiques<\/li>\n<li>Convient pour la plupart des casques de type standard<\/li>\n<li>Facile \u00e0 clipser<\/li>\n<li>Peut \u00eatre mis en position stand-off pour une utilisation intermittente<\/li>\n<li>CE-CAT III<\/li>\n<\/ul>\n<h3 class=\"text-left\">Normes<\/h3>\n<p>&nbsp;<\/p>\n<ul>\n<li>EN 352-3 SNR 25dB<\/li>\n<\/ul>\n<p>&nbsp;<\/p>\n<p>&nbsp;<\/p>\n","protected":false},"excerpt":{"rendered":"<p>Casque anti-bruit \u00e0 clipser Premium utilisant les m\u00eames coussinets que notre casque anti-bruit Premium PS46. Facile \u00e0 clipser et compatible avec les casques de s\u00e9curit\u00e9 Endurance, Height Endurance et Expertbase. Avertissement: les performances d&rsquo;att\u00e9nuation varient en fonction du style de casque utilis\u00e9.<\/p>\n","protected":false},"featured_media":11564,"comment_status":"open","ping_status":"closed","template":"","meta":[],"product_cat":[241,226],"product_tag":[],"class_list":{"0":"post-11530","1":"product","2":"type-product","3":"status-publish","4":"has-post-thumbnail","6":"product_cat-casque","7":"product_cat-workwear-epi","9":"first","10":"instock","11":"shipping-taxable","12":"purchasable","13":"product-type-simple"},"_links":{"self":[{"href":"https:\/\/ateliers-francais.gc-dev.fr\/index.php?rest_route=\/wp\/v2\/product\/11530","targetHints":{"allow":["GET"]}}],"collection":[{"href":"https:\/\/ateliers-francais.gc-dev.fr\/index.php?rest_route=\/wp\/v2\/product"}],"about":[{"href":"https:\/\/ateliers-francais.gc-dev.fr\/index.php?rest_route=\/wp\/v2\/types\/product"}],"replies":[{"embeddable":true,"href":"https:\/\/ateliers-francais.gc-dev.fr\/index.php?rest_route=%2Fwp%2Fv2%2Fcomments&post=11530"}],"version-history":[{"count":1,"href":"https:\/\/ateliers-francais.gc-dev.fr\/index.php?rest_route=\/wp\/v2\/product\/11530\/revisions"}],"predecessor-version":[{"id":11565,"href":"https:\/\/ateliers-francais.gc-dev.fr\/index.php?rest_route=\/wp\/v2\/product\/11530\/revisions\/11565"}],"wp:featuredmedia":[{"embeddable":true,"href":"https:\/\/ateliers-francais.gc-dev.fr\/index.php?rest_route=\/wp\/v2\/media\/11564"}],"wp:attachment":[{"href":"https:\/\/ateliers-francais.gc-dev.fr\/index.php?rest_route=%2Fwp%2Fv2%2Fmedia&parent=11530"}],"wp:term":[{"taxonomy":"product_cat","embeddable":true,"href":"https:\/\/ateliers-francais.gc-dev.fr\/index.php?rest_route=%2Fwp%2Fv2%2Fproduct_cat&post=11530"},{"taxonomy":"product_tag","embeddable":true,"href":"https:\/\/ateliers-francais.gc-dev.fr\/index.php?rest_route=%2Fwp%2Fv2%2Fproduct_tag&post=11530"}],"curies":[{"name":"wp","href":"https:\/\/api.w.org\/{rel}","templated":true}]}}