{"id":11529,"date":"2023-10-17T02:59:35","date_gmt":"2023-10-17T00:59:35","guid":{"rendered":"https:\/\/ateliers-francais.gc-dev.fr\/?post_type=product&#038;p=11529"},"modified":"2023-10-17T02:59:47","modified_gmt":"2023-10-17T00:59:47","slug":"casque-antibruit-premium-ps46","status":"publish","type":"product","link":"https:\/\/ateliers-francais.gc-dev.fr\/?product=casque-antibruit-premium-ps46","title":{"rendered":"Casque Antibruit Premium PS46"},"content":{"rendered":"<h3 class=\"text-left\">Caract\u00e9ristiques<\/h3>\n<p>&nbsp;<\/p>\n<ul>\n<li>CE-CAT III<\/li>\n<li>L\u00e9ger et robuste<\/li>\n<li>Syst\u00e8me \u00e0 double broche ajustable offrant un positionnement multiple pour un meilleur ajustement<\/li>\n<li>bandeau matelass\u00e9 confortable<\/li>\n<li>emball\u00e9 individuellement pour les distributeurs automatiques<\/li>\n<li>Niveau d&rsquo;att\u00e9nuation SNR 34dB<\/li>\n<\/ul>\n<h3 class=\"text-left\">Normes<\/h3>\n<p>&nbsp;<\/p>\n<ul>\n<li>EN 352-1 SNR 34dB<\/li>\n<\/ul>\n<p>&nbsp;<\/p>\n<p>&nbsp;<\/p>\n","protected":false},"excerpt":{"rendered":"<p>Ce casque antibruit Premium est notre meilleur design en mati\u00e8re de protection auditive. Le bandeau capitonn\u00e9 en PU est ultra l\u00e9ger et offre un confort maximal pendant de longues p\u00e9riodes d&rsquo;utilisation. Style contemporain avec bonnets ajustables \u00e0 double goupille pour un ajustement optimal. L&rsquo;excellente performance d&rsquo;att\u00e9nuation fournit une protection sup\u00e9rieure contre le bruit nocif.<\/p>\n","protected":false},"featured_media":11562,"comment_status":"open","ping_status":"closed","template":"","meta":[],"product_cat":[241,226],"product_tag":[],"class_list":{"0":"post-11529","1":"product","2":"type-product","3":"status-publish","4":"has-post-thumbnail","6":"product_cat-casque","7":"product_cat-workwear-epi","9":"first","10":"instock","11":"shipping-taxable","12":"purchasable","13":"product-type-simple"},"_links":{"self":[{"href":"https:\/\/ateliers-francais.gc-dev.fr\/index.php?rest_route=\/wp\/v2\/product\/11529","targetHints":{"allow":["GET"]}}],"collection":[{"href":"https:\/\/ateliers-francais.gc-dev.fr\/index.php?rest_route=\/wp\/v2\/product"}],"about":[{"href":"https:\/\/ateliers-francais.gc-dev.fr\/index.php?rest_route=\/wp\/v2\/types\/product"}],"replies":[{"embeddable":true,"href":"https:\/\/ateliers-francais.gc-dev.fr\/index.php?rest_route=%2Fwp%2Fv2%2Fcomments&post=11529"}],"version-history":[{"count":1,"href":"https:\/\/ateliers-francais.gc-dev.fr\/index.php?rest_route=\/wp\/v2\/product\/11529\/revisions"}],"predecessor-version":[{"id":11563,"href":"https:\/\/ateliers-francais.gc-dev.fr\/index.php?rest_route=\/wp\/v2\/product\/11529\/revisions\/11563"}],"wp:featuredmedia":[{"embeddable":true,"href":"https:\/\/ateliers-francais.gc-dev.fr\/index.php?rest_route=\/wp\/v2\/media\/11562"}],"wp:attachment":[{"href":"https:\/\/ateliers-francais.gc-dev.fr\/index.php?rest_route=%2Fwp%2Fv2%2Fmedia&parent=11529"}],"wp:term":[{"taxonomy":"product_cat","embeddable":true,"href":"https:\/\/ateliers-francais.gc-dev.fr\/index.php?rest_route=%2Fwp%2Fv2%2Fproduct_cat&post=11529"},{"taxonomy":"product_tag","embeddable":true,"href":"https:\/\/ateliers-francais.gc-dev.fr\/index.php?rest_route=%2Fwp%2Fv2%2Fproduct_tag&post=11529"}],"curies":[{"name":"wp","href":"https:\/\/api.w.org\/{rel}","templated":true}]}}