{"id":11522,"date":"2023-10-17T02:59:35","date_gmt":"2023-10-17T00:59:35","guid":{"rendered":"https:\/\/ateliers-francais.gc-dev.fr\/?post_type=product&#038;p=11522"},"modified":"2023-10-17T02:59:44","modified_gmt":"2023-10-17T00:59:44","slug":"casquette-anti-heurt-hv-pw79","status":"publish","type":"product","link":"https:\/\/ateliers-francais.gc-dev.fr\/?product=casquette-anti-heurt-hv-pw79","title":{"rendered":"Casquette anti-heurt HV &#8211; PW79"},"content":{"rendered":"<h3 class=\"text-left\">Caract\u00e9ristiques<\/h3>\n<ul>\n<li>Certifi\u00e9 CE<\/li>\n<li>Visi\u00e8re longue (7cm) pour une protection maximale contre les chocs et la lumi\u00e8re<\/li>\n<li>Couleur haute visibilit\u00e9 pour \u00eatre vu en plein jour<\/li>\n<li>EVA Haute densit\u00e9 durable, prot\u00e8ge et procure confort \u00e0 l&rsquo;utilisateur<\/li>\n<li>Coque int\u00e9rieure en ABS et coussin souple<\/li>\n<\/ul>\n<h3 class=\"text-left\">Normes<\/h3>\n<ul>\n<li>EN 812<\/li>\n<\/ul>\n","protected":false},"excerpt":{"rendered":"<p>Casquette moderne anti-heurt haute Visibilit\u00e9. Panneau filet \u00e0 l&rsquo;arri\u00e8re et trous de ventilation sur la coque interne qui aident \u00e0 l&rsquo;a\u00e9ration pour plus de confort. Ajustable par bandes auto-aggrippantes.<\/p>\n","protected":false},"featured_media":11553,"comment_status":"open","ping_status":"closed","template":"","meta":[],"product_cat":[241,132,131,228,226],"product_tag":[],"class_list":{"0":"post-11522","1":"product","2":"type-product","3":"status-publish","4":"has-post-thumbnail","6":"product_cat-casque","7":"product_cat-casquette","8":"product_cat-casquette-bonnet-accessoires","9":"product_cat-haute-visibilite","10":"product_cat-workwear-epi","12":"first","13":"outofstock","14":"shipping-taxable","15":"product-type-variable"},"_links":{"self":[{"href":"https:\/\/ateliers-francais.gc-dev.fr\/index.php?rest_route=\/wp\/v2\/product\/11522","targetHints":{"allow":["GET"]}}],"collection":[{"href":"https:\/\/ateliers-francais.gc-dev.fr\/index.php?rest_route=\/wp\/v2\/product"}],"about":[{"href":"https:\/\/ateliers-francais.gc-dev.fr\/index.php?rest_route=\/wp\/v2\/types\/product"}],"replies":[{"embeddable":true,"href":"https:\/\/ateliers-francais.gc-dev.fr\/index.php?rest_route=%2Fwp%2Fv2%2Fcomments&post=11522"}],"version-history":[{"count":1,"href":"https:\/\/ateliers-francais.gc-dev.fr\/index.php?rest_route=\/wp\/v2\/product\/11522\/revisions"}],"predecessor-version":[{"id":11555,"href":"https:\/\/ateliers-francais.gc-dev.fr\/index.php?rest_route=\/wp\/v2\/product\/11522\/revisions\/11555"}],"wp:featuredmedia":[{"embeddable":true,"href":"https:\/\/ateliers-francais.gc-dev.fr\/index.php?rest_route=\/wp\/v2\/media\/11553"}],"wp:attachment":[{"href":"https:\/\/ateliers-francais.gc-dev.fr\/index.php?rest_route=%2Fwp%2Fv2%2Fmedia&parent=11522"}],"wp:term":[{"taxonomy":"product_cat","embeddable":true,"href":"https:\/\/ateliers-francais.gc-dev.fr\/index.php?rest_route=%2Fwp%2Fv2%2Fproduct_cat&post=11522"},{"taxonomy":"product_tag","embeddable":true,"href":"https:\/\/ateliers-francais.gc-dev.fr\/index.php?rest_route=%2Fwp%2Fv2%2Fproduct_tag&post=11522"}],"curies":[{"name":"wp","href":"https:\/\/api.w.org\/{rel}","templated":true}]}}