{"id":11517,"date":"2023-10-17T02:59:35","date_gmt":"2023-10-17T00:59:35","guid":{"rendered":"https:\/\/ateliers-francais.gc-dev.fr\/?post_type=product&#038;p=11517"},"modified":"2023-10-17T02:59:49","modified_gmt":"2023-10-17T00:59:49","slug":"casque-endurance-plus-ps54","status":"publish","type":"product","link":"https:\/\/ateliers-francais.gc-dev.fr\/?product=casque-endurance-plus-ps54","title":{"rendered":"Casque Endurance Plus &#8211; PS54"},"content":{"rendered":"<h3 class=\"text-left\">Caract\u00e9ristiques<\/h3>\n<p>&nbsp;<\/p>\n<ul>\n<li>CE-CAT III<\/li>\n<li>Isolation \u00e9lectrique jusqu&rsquo;\u00e0 1000Vac ou 1500Vdc (EN 50365)<\/li>\n<li>Protection contre le m\u00e9tal en fusion<\/li>\n<li>D\u00e9formation lat\u00e9rale<\/li>\n<li>Harnais textile 6 points<\/li>\n<li>Taille r\u00e9glable par cr\u00e9maill\u00e8re pour un meilleur ajustement<\/li>\n<li>Dur\u00e9e d&rsquo;utilisation de 7 ans \u00e0 partir de la date de fabrication indiqu\u00e9e dans la fiche d&rsquo;utilisation du produit<\/li>\n<li>mentonni\u00e8re incluse<\/li>\n<li>Compatible avec les casques antibruit clipsables PW47 et PS47<\/li>\n<li>Accessoires compatibles disponibles<\/li>\n<\/ul>\n<h3 class=\"text-left\">Normes<\/h3>\n<p>&nbsp;<\/p>\n<ul>\n<li>AS\/NZS 1801<\/li>\n<li>ANSI\/ISEA Z89.1 TYPE I CLASS E<\/li>\n<li>EN 397 +50\u00b0C\/-30\u00b0C; MM; LD; 440VAC<\/li>\n<li>EN 50365 Class:0<\/li>\n<\/ul>\n<p>&nbsp;<\/p>\n<p>&nbsp;<\/p>\n","protected":false},"excerpt":{"rendered":"<p>Le casque ABS Endurance Plus est maintenant disponible sans visi\u00e8re r\u00e9tractable. Jugulaire 4 points incluse.<\/p>\n","protected":false},"featured_media":11547,"comment_status":"open","ping_status":"closed","template":"","meta":[],"product_cat":[241,226],"product_tag":[],"class_list":{"0":"post-11517","1":"product","2":"type-product","3":"status-publish","4":"has-post-thumbnail","6":"product_cat-casque","7":"product_cat-workwear-epi","9":"first","10":"instock","11":"shipping-taxable","12":"purchasable","13":"product-type-variable"},"_links":{"self":[{"href":"https:\/\/ateliers-francais.gc-dev.fr\/index.php?rest_route=\/wp\/v2\/product\/11517","targetHints":{"allow":["GET"]}}],"collection":[{"href":"https:\/\/ateliers-francais.gc-dev.fr\/index.php?rest_route=\/wp\/v2\/product"}],"about":[{"href":"https:\/\/ateliers-francais.gc-dev.fr\/index.php?rest_route=\/wp\/v2\/types\/product"}],"replies":[{"embeddable":true,"href":"https:\/\/ateliers-francais.gc-dev.fr\/index.php?rest_route=%2Fwp%2Fv2%2Fcomments&post=11517"}],"version-history":[{"count":1,"href":"https:\/\/ateliers-francais.gc-dev.fr\/index.php?rest_route=\/wp\/v2\/product\/11517\/revisions"}],"predecessor-version":[{"id":11549,"href":"https:\/\/ateliers-francais.gc-dev.fr\/index.php?rest_route=\/wp\/v2\/product\/11517\/revisions\/11549"}],"wp:featuredmedia":[{"embeddable":true,"href":"https:\/\/ateliers-francais.gc-dev.fr\/index.php?rest_route=\/wp\/v2\/media\/11547"}],"wp:attachment":[{"href":"https:\/\/ateliers-francais.gc-dev.fr\/index.php?rest_route=%2Fwp%2Fv2%2Fmedia&parent=11517"}],"wp:term":[{"taxonomy":"product_cat","embeddable":true,"href":"https:\/\/ateliers-francais.gc-dev.fr\/index.php?rest_route=%2Fwp%2Fv2%2Fproduct_cat&post=11517"},{"taxonomy":"product_tag","embeddable":true,"href":"https:\/\/ateliers-francais.gc-dev.fr\/index.php?rest_route=%2Fwp%2Fv2%2Fproduct_tag&post=11517"}],"curies":[{"name":"wp","href":"https:\/\/api.w.org\/{rel}","templated":true}]}}