{"id":11471,"date":"2023-10-17T02:59:20","date_gmt":"2023-10-17T00:59:20","guid":{"rendered":"https:\/\/ateliers-francais.gc-dev.fr\/?post_type=product&#038;p=11471"},"modified":"2023-10-17T02:59:33","modified_gmt":"2023-10-17T00:59:33","slug":"casque-ventile-peak-view-a-cremaillere-pv60","status":"publish","type":"product","link":"https:\/\/ateliers-francais.gc-dev.fr\/?product=casque-ventile-peak-view-a-cremaillere-pv60","title":{"rendered":"Casque ventil\u00e9 Peak View \u00e0 cr\u00e9maill\u00e8re &#8211; PV60"},"content":{"rendered":"<p>&nbsp;<\/p>\n<h3 class=\"text-left\">Caract\u00e9ristiques<\/h3>\n<ul>\n<li>Certifi\u00e9 CE<\/li>\n<li>conception exclusive PORTWEST et mod\u00e8le d\u00e9pos\u00e9<\/li>\n<li>Coque tranparente pour voir \u00e0 travers le dessus et les c\u00f4t\u00e9s<\/li>\n<li>Coque en polycarbonate extra solide et ultra l\u00e9g\u00e8re<\/li>\n<li>Casque ventil\u00e9 permettant un flux d&rsquo;air rafra\u00eechissant autour de la t\u00eate<\/li>\n<li>certifi\u00e9 UV 400<\/li>\n<li>Harnais textile 6 points<\/li>\n<li>Taille r\u00e9glable par cr\u00e9maill\u00e8re pour un meilleur ajustement<\/li>\n<li>Bande anti sudation en mousse souple incluse<\/li>\n<li>Accessoires compatibles disponibles<\/li>\n<\/ul>\n<h3 class=\"text-left\">Normes<\/h3>\n<p>&nbsp;<\/p>\n<ul>\n<li>EN 397 -20\u00b0C<\/li>\n<li>ANSI\/ISEA Z89.1 TYPE II Class C<\/li>\n<\/ul>\n<p>&nbsp;<\/p>\n<p>&nbsp;<\/p>\n","protected":false},"excerpt":{"rendered":"<p>Le Casque Peak View Ratchet est un mod\u00e8le exclusif Portwest et brevet\u00e9. Le casque enti\u00e8rement translucide permet au porteur de regarder vers le haut ou sur les c\u00f4t\u00e9s sans avoir besoin d&rsquo;incliner la t\u00eate. La coque en polycarbonate ultra solide et ultra l\u00e9g\u00e8re offre une protection contre les rayons UV 400. Les autres caract\u00e9ristiques incluent le harnais textile de 6 points, l&rsquo;ajustement par cr\u00e9maill\u00e8re et une coque ventil\u00e9e pour plus d\u2019air.<\/p>\n","protected":false},"featured_media":11494,"comment_status":"open","ping_status":"closed","template":"","meta":[],"product_cat":[241,226],"product_tag":[],"class_list":{"0":"post-11471","1":"product","2":"type-product","3":"status-publish","4":"has-post-thumbnail","6":"product_cat-casque","7":"product_cat-workwear-epi","9":"first","10":"instock","11":"shipping-taxable","12":"purchasable","13":"product-type-variable"},"_links":{"self":[{"href":"https:\/\/ateliers-francais.gc-dev.fr\/index.php?rest_route=\/wp\/v2\/product\/11471","targetHints":{"allow":["GET"]}}],"collection":[{"href":"https:\/\/ateliers-francais.gc-dev.fr\/index.php?rest_route=\/wp\/v2\/product"}],"about":[{"href":"https:\/\/ateliers-francais.gc-dev.fr\/index.php?rest_route=\/wp\/v2\/types\/product"}],"replies":[{"embeddable":true,"href":"https:\/\/ateliers-francais.gc-dev.fr\/index.php?rest_route=%2Fwp%2Fv2%2Fcomments&post=11471"}],"version-history":[{"count":1,"href":"https:\/\/ateliers-francais.gc-dev.fr\/index.php?rest_route=\/wp\/v2\/product\/11471\/revisions"}],"predecessor-version":[{"id":11496,"href":"https:\/\/ateliers-francais.gc-dev.fr\/index.php?rest_route=\/wp\/v2\/product\/11471\/revisions\/11496"}],"wp:featuredmedia":[{"embeddable":true,"href":"https:\/\/ateliers-francais.gc-dev.fr\/index.php?rest_route=\/wp\/v2\/media\/11494"}],"wp:attachment":[{"href":"https:\/\/ateliers-francais.gc-dev.fr\/index.php?rest_route=%2Fwp%2Fv2%2Fmedia&parent=11471"}],"wp:term":[{"taxonomy":"product_cat","embeddable":true,"href":"https:\/\/ateliers-francais.gc-dev.fr\/index.php?rest_route=%2Fwp%2Fv2%2Fproduct_cat&post=11471"},{"taxonomy":"product_tag","embeddable":true,"href":"https:\/\/ateliers-francais.gc-dev.fr\/index.php?rest_route=%2Fwp%2Fv2%2Fproduct_tag&post=11471"}],"curies":[{"name":"wp","href":"https:\/\/api.w.org\/{rel}","templated":true}]}}