{"id":11470,"date":"2023-10-17T02:59:20","date_gmt":"2023-10-17T00:59:20","guid":{"rendered":"https:\/\/ateliers-francais.gc-dev.fr\/?post_type=product&#038;p=11470"},"modified":"2023-10-17T02:59:27","modified_gmt":"2023-10-17T00:59:27","slug":"kit-forestier-pw98","status":"publish","type":"product","link":"https:\/\/ateliers-francais.gc-dev.fr\/?product=kit-forestier-pw98","title":{"rendered":"Kit Forestier &#8211; PW98"},"content":{"rendered":"<p>&nbsp;<\/p>\n<ul>\n<li>Certifi\u00e9 CE<\/li>\n<li>CE-CAT III<\/li>\n<li>Casque ventil\u00e9 permettant un flux d&rsquo;air rafra\u00eechissant autour de la t\u00eate<\/li>\n<li>D\u00e9formation lat\u00e9rale<\/li>\n<li>Harnais textile 6 points<\/li>\n<li>Taille r\u00e9glable par cr\u00e9maill\u00e8re pour un meilleur ajustement<\/li>\n<li>mentonni\u00e8re incluse<\/li>\n<li>Bande anti sudation en mousse souple incluse<\/li>\n<li>Dur\u00e9e d&rsquo;utilisation de 7 ans \u00e0 partir de la date de fabrication indiqu\u00e9e dans la fiche d&rsquo;utilisation du produit<\/li>\n<li>Accessoires de rechange disponibles<\/li>\n<\/ul>\n<p>&nbsp;<\/p>\n","protected":false},"excerpt":{"rendered":"<p>Kit forestier comprenant :<br \/>\ncasque ABS ventil\u00e9 avec r\u00e9glage par cr\u00e9maill\u00e8re, ajustable taille 56 &#8211; 63 cm<br \/>\nABS haute performance pour les coquilles anti-bruit, r\u00e9glables en hauteur pour un meilleur ajustement.<\/p>\n","protected":false},"featured_media":11491,"comment_status":"open","ping_status":"closed","template":"","meta":[],"product_cat":[241,226],"product_tag":[],"class_list":{"0":"post-11470","1":"product","2":"type-product","3":"status-publish","4":"has-post-thumbnail","6":"product_cat-casque","7":"product_cat-workwear-epi","9":"first","10":"instock","11":"shipping-taxable","12":"purchasable","13":"product-type-simple"},"_links":{"self":[{"href":"https:\/\/ateliers-francais.gc-dev.fr\/index.php?rest_route=\/wp\/v2\/product\/11470","targetHints":{"allow":["GET"]}}],"collection":[{"href":"https:\/\/ateliers-francais.gc-dev.fr\/index.php?rest_route=\/wp\/v2\/product"}],"about":[{"href":"https:\/\/ateliers-francais.gc-dev.fr\/index.php?rest_route=\/wp\/v2\/types\/product"}],"replies":[{"embeddable":true,"href":"https:\/\/ateliers-francais.gc-dev.fr\/index.php?rest_route=%2Fwp%2Fv2%2Fcomments&post=11470"}],"version-history":[{"count":1,"href":"https:\/\/ateliers-francais.gc-dev.fr\/index.php?rest_route=\/wp\/v2\/product\/11470\/revisions"}],"predecessor-version":[{"id":11493,"href":"https:\/\/ateliers-francais.gc-dev.fr\/index.php?rest_route=\/wp\/v2\/product\/11470\/revisions\/11493"}],"wp:featuredmedia":[{"embeddable":true,"href":"https:\/\/ateliers-francais.gc-dev.fr\/index.php?rest_route=\/wp\/v2\/media\/11491"}],"wp:attachment":[{"href":"https:\/\/ateliers-francais.gc-dev.fr\/index.php?rest_route=%2Fwp%2Fv2%2Fmedia&parent=11470"}],"wp:term":[{"taxonomy":"product_cat","embeddable":true,"href":"https:\/\/ateliers-francais.gc-dev.fr\/index.php?rest_route=%2Fwp%2Fv2%2Fproduct_cat&post=11470"},{"taxonomy":"product_tag","embeddable":true,"href":"https:\/\/ateliers-francais.gc-dev.fr\/index.php?rest_route=%2Fwp%2Fv2%2Fproduct_tag&post=11470"}],"curies":[{"name":"wp","href":"https:\/\/api.w.org\/{rel}","templated":true}]}}