{"id":11462,"date":"2023-10-17T02:59:19","date_gmt":"2023-10-17T00:59:19","guid":{"rendered":"https:\/\/ateliers-francais.gc-dev.fr\/?post_type=product&#038;p=11462"},"modified":"2023-10-17T02:59:33","modified_gmt":"2023-10-17T00:59:33","slug":"casque-de-securite-expertbase-pw50","status":"publish","type":"product","link":"https:\/\/ateliers-francais.gc-dev.fr\/?product=casque-de-securite-expertbase-pw50","title":{"rendered":"Casque de s\u00e9curit\u00e9 Expertbase &#8211; PW50"},"content":{"rendered":"<h3 class=\"text-left\">Caract\u00e9ristiques<\/h3>\n<p>&nbsp;<\/p>\n<ul>\n<li>CE-CAT III<\/li>\n<li>D\u00e9formation lat\u00e9rale<\/li>\n<li>Propri\u00e9t\u00e9s \u00e9lectriques (440Vca)<\/li>\n<li>Isolation \u00e9lectrique jusqu&rsquo;\u00e0 1000Vac ou 1500Vdc (EN 50365)<\/li>\n<li>Harnais de suspension en plastique 4 points<\/li>\n<li>R\u00e9glage de la taille de la boucle pour un montage facile<\/li>\n<li>Bande anti sudation en mousse souple incluse<\/li>\n<li>Compatible avec les casques antibruit clipsables PW42 et PS42<\/li>\n<li>Accessoires compatibles disponibles<\/li>\n<li>disponible dans un excellent choix de couleurs<\/li>\n<\/ul>\n<p>&nbsp;<\/p>\n","protected":false},"excerpt":{"rendered":"<p>Casque avec coque en polypropyl\u00e8ne haute densit\u00e9, harnais 4 points plastique. Tour de t\u00eate r\u00e9glable de 55 \u00e0 62cm. Bandeau anti-transpiration inclus<\/p>\n","protected":false},"featured_media":11482,"comment_status":"open","ping_status":"closed","template":"","meta":[],"product_cat":[241,226],"product_tag":[],"class_list":{"0":"post-11462","1":"product","2":"type-product","3":"status-publish","4":"has-post-thumbnail","6":"product_cat-casque","7":"product_cat-workwear-epi","9":"first","10":"instock","11":"shipping-taxable","12":"purchasable","13":"product-type-variable"},"_links":{"self":[{"href":"https:\/\/ateliers-francais.gc-dev.fr\/index.php?rest_route=\/wp\/v2\/product\/11462","targetHints":{"allow":["GET"]}}],"collection":[{"href":"https:\/\/ateliers-francais.gc-dev.fr\/index.php?rest_route=\/wp\/v2\/product"}],"about":[{"href":"https:\/\/ateliers-francais.gc-dev.fr\/index.php?rest_route=\/wp\/v2\/types\/product"}],"replies":[{"embeddable":true,"href":"https:\/\/ateliers-francais.gc-dev.fr\/index.php?rest_route=%2Fwp%2Fv2%2Fcomments&post=11462"}],"version-history":[{"count":1,"href":"https:\/\/ateliers-francais.gc-dev.fr\/index.php?rest_route=\/wp\/v2\/product\/11462\/revisions"}],"predecessor-version":[{"id":11484,"href":"https:\/\/ateliers-francais.gc-dev.fr\/index.php?rest_route=\/wp\/v2\/product\/11462\/revisions\/11484"}],"wp:featuredmedia":[{"embeddable":true,"href":"https:\/\/ateliers-francais.gc-dev.fr\/index.php?rest_route=\/wp\/v2\/media\/11482"}],"wp:attachment":[{"href":"https:\/\/ateliers-francais.gc-dev.fr\/index.php?rest_route=%2Fwp%2Fv2%2Fmedia&parent=11462"}],"wp:term":[{"taxonomy":"product_cat","embeddable":true,"href":"https:\/\/ateliers-francais.gc-dev.fr\/index.php?rest_route=%2Fwp%2Fv2%2Fproduct_cat&post=11462"},{"taxonomy":"product_tag","embeddable":true,"href":"https:\/\/ateliers-francais.gc-dev.fr\/index.php?rest_route=%2Fwp%2Fv2%2Fproduct_tag&post=11462"}],"curies":[{"name":"wp","href":"https:\/\/api.w.org\/{rel}","templated":true}]}}