{"id":10157,"date":"2023-10-17T02:49:45","date_gmt":"2023-10-17T00:49:45","guid":{"rendered":"https:\/\/ateliers-francais.gc-dev.fr\/?post_type=product&#038;p=10157"},"modified":"2023-10-17T02:57:40","modified_gmt":"2023-10-17T00:57:40","slug":"mercure-pro-01721","status":"publish","type":"product","link":"https:\/\/ateliers-francais.gc-dev.fr\/?product=mercure-pro-01721","title":{"rendered":"MERCURE PRO &#8211; 01721"},"content":{"rendered":"<h4>TEE-SHIRT BANDES HAUTE VISIBILIT\u00c9<\/h4>\n<h3 class=\"\">Qualit\u00e9<\/h3>\n<div class=\"std\">\n<div>MESH 150<\/div>\n<div>100% Polyester<br \/>\nCertifi\u00e9 ISO 20471 Classe II<\/div>\n<\/div>\n<h3 class=\"bordure\">Style<\/h3>\n<div class=\"std\">\n<div>Tee-shirt col rond<br \/>\nDeux bandes horizontales et deux bandes verticales r\u00e9fl\u00e9chissantes<\/div>\n<\/div>\n","protected":false},"excerpt":{"rendered":"<p>TEE-SHIRT BANDES HAUTE VISIBILIT\u00c9 Qualit\u00e9 MESH 150 100% Polyester Certifi\u00e9 ISO 20471 Classe II Style Tee-shirt col rond Deux bandes<\/p>\n","protected":false},"featured_media":10267,"comment_status":"open","ping_status":"closed","template":"","meta":[],"product_cat":[228,220],"product_tag":[],"class_list":{"0":"post-10157","1":"product","2":"type-product","3":"status-publish","4":"has-post-thumbnail","6":"product_cat-haute-visibilite","7":"product_cat-polyester-respirant-t-shirt","9":"first","10":"instock","11":"shipping-taxable","12":"purchasable","13":"product-type-variable"},"_links":{"self":[{"href":"https:\/\/ateliers-francais.gc-dev.fr\/index.php?rest_route=\/wp\/v2\/product\/10157","targetHints":{"allow":["GET"]}}],"collection":[{"href":"https:\/\/ateliers-francais.gc-dev.fr\/index.php?rest_route=\/wp\/v2\/product"}],"about":[{"href":"https:\/\/ateliers-francais.gc-dev.fr\/index.php?rest_route=\/wp\/v2\/types\/product"}],"replies":[{"embeddable":true,"href":"https:\/\/ateliers-francais.gc-dev.fr\/index.php?rest_route=%2Fwp%2Fv2%2Fcomments&post=10157"}],"version-history":[{"count":1,"href":"https:\/\/ateliers-francais.gc-dev.fr\/index.php?rest_route=\/wp\/v2\/product\/10157\/revisions"}],"predecessor-version":[{"id":10270,"href":"https:\/\/ateliers-francais.gc-dev.fr\/index.php?rest_route=\/wp\/v2\/product\/10157\/revisions\/10270"}],"wp:featuredmedia":[{"embeddable":true,"href":"https:\/\/ateliers-francais.gc-dev.fr\/index.php?rest_route=\/wp\/v2\/media\/10267"}],"wp:attachment":[{"href":"https:\/\/ateliers-francais.gc-dev.fr\/index.php?rest_route=%2Fwp%2Fv2%2Fmedia&parent=10157"}],"wp:term":[{"taxonomy":"product_cat","embeddable":true,"href":"https:\/\/ateliers-francais.gc-dev.fr\/index.php?rest_route=%2Fwp%2Fv2%2Fproduct_cat&post=10157"},{"taxonomy":"product_tag","embeddable":true,"href":"https:\/\/ateliers-francais.gc-dev.fr\/index.php?rest_route=%2Fwp%2Fv2%2Fproduct_tag&post=10157"}],"curies":[{"name":"wp","href":"https:\/\/api.w.org\/{rel}","templated":true}]}}