{"id":10156,"date":"2023-10-17T02:49:45","date_gmt":"2023-10-17T00:49:45","guid":{"rendered":"https:\/\/ateliers-francais.gc-dev.fr\/?post_type=product&#038;p=10156"},"modified":"2023-10-17T02:58:02","modified_gmt":"2023-10-17T00:58:02","slug":"gala-88010","status":"publish","type":"product","link":"https:\/\/ateliers-francais.gc-dev.fr\/?product=gala-88010","title":{"rendered":"GALA &#8211; 88010"},"content":{"rendered":"<div>\n<h4>TABLIER LONG AVEC POCHES<\/h4>\n<\/div>\n<div class=\"std\"><strong>Tablier en polycoton pour une longue tenue des couleurs et un entretien facile.<br \/>\nBoucle m\u00e9tal qualitative.<\/strong><\/div>\n<h3 class=\"\">Qualit\u00e9<\/h3>\n<div class=\"std\">\n<div>POLYCOTON 240<\/div>\n<div>65% polyester &#8211; 35% coton<\/div>\n<\/div>\n<h3 class=\"bordure\">Style<\/h3>\n<div class=\"std\">\n<div>CLASSIQUE<\/div>\n<div>Grande poche avant avec 2 compartiments<br \/>\nR\u00e9glable \u00e0 l\u2019encolure gr\u00e2ce \u00e0 un passant m\u00e9tallique ajustable<\/div>\n<\/div>\n","protected":false},"excerpt":{"rendered":"<p>TABLIER LONG AVEC POCHES Tablier en polycoton pour une longue tenue des couleurs et un entretien facile. Boucle m\u00e9tal qualitative.<\/p>\n","protected":false},"featured_media":10265,"comment_status":"open","ping_status":"closed","template":"","meta":[],"product_cat":[227,226],"product_tag":[],"class_list":{"0":"post-10156","1":"product","2":"type-product","3":"status-publish","4":"has-post-thumbnail","6":"product_cat-restauration","7":"product_cat-workwear-epi","9":"first","10":"instock","11":"shipping-taxable","12":"purchasable","13":"product-type-variable"},"_links":{"self":[{"href":"https:\/\/ateliers-francais.gc-dev.fr\/index.php?rest_route=\/wp\/v2\/product\/10156","targetHints":{"allow":["GET"]}}],"collection":[{"href":"https:\/\/ateliers-francais.gc-dev.fr\/index.php?rest_route=\/wp\/v2\/product"}],"about":[{"href":"https:\/\/ateliers-francais.gc-dev.fr\/index.php?rest_route=\/wp\/v2\/types\/product"}],"replies":[{"embeddable":true,"href":"https:\/\/ateliers-francais.gc-dev.fr\/index.php?rest_route=%2Fwp%2Fv2%2Fcomments&post=10156"}],"version-history":[{"count":1,"href":"https:\/\/ateliers-francais.gc-dev.fr\/index.php?rest_route=\/wp\/v2\/product\/10156\/revisions"}],"predecessor-version":[{"id":10266,"href":"https:\/\/ateliers-francais.gc-dev.fr\/index.php?rest_route=\/wp\/v2\/product\/10156\/revisions\/10266"}],"wp:featuredmedia":[{"embeddable":true,"href":"https:\/\/ateliers-francais.gc-dev.fr\/index.php?rest_route=\/wp\/v2\/media\/10265"}],"wp:attachment":[{"href":"https:\/\/ateliers-francais.gc-dev.fr\/index.php?rest_route=%2Fwp%2Fv2%2Fmedia&parent=10156"}],"wp:term":[{"taxonomy":"product_cat","embeddable":true,"href":"https:\/\/ateliers-francais.gc-dev.fr\/index.php?rest_route=%2Fwp%2Fv2%2Fproduct_cat&post=10156"},{"taxonomy":"product_tag","embeddable":true,"href":"https:\/\/ateliers-francais.gc-dev.fr\/index.php?rest_route=%2Fwp%2Fv2%2Fproduct_tag&post=10156"}],"curies":[{"name":"wp","href":"https:\/\/api.w.org\/{rel}","templated":true}]}}