{"id":10155,"date":"2023-10-17T02:49:45","date_gmt":"2023-10-17T00:49:45","guid":{"rendered":"https:\/\/ateliers-francais.gc-dev.fr\/?post_type=product&#038;p=10155"},"modified":"2023-10-17T02:57:18","modified_gmt":"2023-10-17T00:57:18","slug":"wild-43630","status":"publish","type":"product","link":"https:\/\/ateliers-francais.gc-dev.fr\/?product=wild-43630","title":{"rendered":"WILD &#8211; 43630"},"content":{"rendered":"<h4>GILET REPORTER MULTIPOCHES<\/h4>\n<div class=\"std\"><strong>R\u00e9sistant par sa mati\u00e8re en polycoton.<\/strong><\/div>\n<h3 class=\"\">Qualit\u00e9<\/h3>\n<div class=\"std\">\n<div>POLYCOTON 200<\/div>\n<div>65% polyester &#8211; 35% coton<\/div>\n<\/div>\n<h3 class=\"bordure\">Style<\/h3>\n<div class=\"std\">\n<div>OUTDOOR<\/div>\n<div>9 poches dont 1 poche t\u00e9l\u00e9phone<br \/>\nDemi doublure dos libre en filet nylon (mesh)<\/div>\n<\/div>\n","protected":false},"excerpt":{"rendered":"<p>GILET REPORTER MULTIPOCHES R\u00e9sistant par sa mati\u00e8re en polycoton. Qualit\u00e9 POLYCOTON 200 65% polyester &#8211; 35% coton Style OUTDOOR 9<\/p>\n","protected":false},"featured_media":10262,"comment_status":"open","ping_status":"closed","template":"","meta":[],"product_cat":[225],"product_tag":[],"class_list":{"0":"post-10155","1":"product","2":"type-product","3":"status-publish","4":"has-post-thumbnail","6":"product_cat-gilet","8":"first","9":"instock","10":"shipping-taxable","11":"purchasable","12":"product-type-variable"},"_links":{"self":[{"href":"https:\/\/ateliers-francais.gc-dev.fr\/index.php?rest_route=\/wp\/v2\/product\/10155","targetHints":{"allow":["GET"]}}],"collection":[{"href":"https:\/\/ateliers-francais.gc-dev.fr\/index.php?rest_route=\/wp\/v2\/product"}],"about":[{"href":"https:\/\/ateliers-francais.gc-dev.fr\/index.php?rest_route=\/wp\/v2\/types\/product"}],"replies":[{"embeddable":true,"href":"https:\/\/ateliers-francais.gc-dev.fr\/index.php?rest_route=%2Fwp%2Fv2%2Fcomments&post=10155"}],"version-history":[{"count":1,"href":"https:\/\/ateliers-francais.gc-dev.fr\/index.php?rest_route=\/wp\/v2\/product\/10155\/revisions"}],"predecessor-version":[{"id":10264,"href":"https:\/\/ateliers-francais.gc-dev.fr\/index.php?rest_route=\/wp\/v2\/product\/10155\/revisions\/10264"}],"wp:featuredmedia":[{"embeddable":true,"href":"https:\/\/ateliers-francais.gc-dev.fr\/index.php?rest_route=\/wp\/v2\/media\/10262"}],"wp:attachment":[{"href":"https:\/\/ateliers-francais.gc-dev.fr\/index.php?rest_route=%2Fwp%2Fv2%2Fmedia&parent=10155"}],"wp:term":[{"taxonomy":"product_cat","embeddable":true,"href":"https:\/\/ateliers-francais.gc-dev.fr\/index.php?rest_route=%2Fwp%2Fv2%2Fproduct_cat&post=10155"},{"taxonomy":"product_tag","embeddable":true,"href":"https:\/\/ateliers-francais.gc-dev.fr\/index.php?rest_route=%2Fwp%2Fv2%2Fproduct_tag&post=10155"}],"curies":[{"name":"wp","href":"https:\/\/api.w.org\/{rel}","templated":true}]}}