{"id":10154,"date":"2023-10-17T02:49:45","date_gmt":"2023-10-17T00:49:45","guid":{"rendered":"https:\/\/ateliers-francais.gc-dev.fr\/?post_type=product&#038;p=10154"},"modified":"2023-10-17T02:57:18","modified_gmt":"2023-10-17T00:57:18","slug":"surf-kids-32300","status":"publish","type":"product","link":"https:\/\/ateliers-francais.gc-dev.fr\/?product=surf-kids-32300","title":{"rendered":"SURF KIDS &#8211; 32300"},"content":{"rendered":"<h4>COUPE-VENT ENFANT<\/h4>\n<h3 class=\"\">Qualit\u00e9<\/h3>\n<div class=\"std\">\n<div>100% nylon 210T<br \/>\nD\u00e9perlant<\/div>\n<\/div>\n<h3 class=\"bordure\">Style<\/h3>\n<div class=\"std\">\n<div>Ouverture par zip<br \/>\nCapuche pli\u00e9e dans le col<br \/>\n2 poches ext\u00e9rieures zipp\u00e9es<br \/>\nSyst\u00e8me de pliage \u00ab in bag \u00bb avec \u00e9lastiques se nouant \u00e0 la taille<br \/>\n\u0152illets d\u2019a\u00e9ration<br \/>\nBas avec cordon int\u00e9rieur s\u00e9curis\u00e9<\/div>\n<\/div>\n","protected":false},"excerpt":{"rendered":"<p>COUPE-VENT ENFANT Qualit\u00e9 100% nylon 210T D\u00e9perlant Style Ouverture par zip Capuche pli\u00e9e dans le col 2 poches ext\u00e9rieures zipp\u00e9es<\/p>\n","protected":false},"featured_media":10258,"comment_status":"open","ping_status":"closed","template":"","meta":[],"product_cat":[224],"product_tag":[],"class_list":{"0":"post-10154","1":"product","2":"type-product","3":"status-publish","4":"has-post-thumbnail","6":"product_cat-kway","8":"first","9":"instock","10":"shipping-taxable","11":"purchasable","12":"product-type-variable"},"_links":{"self":[{"href":"https:\/\/ateliers-francais.gc-dev.fr\/index.php?rest_route=\/wp\/v2\/product\/10154","targetHints":{"allow":["GET"]}}],"collection":[{"href":"https:\/\/ateliers-francais.gc-dev.fr\/index.php?rest_route=\/wp\/v2\/product"}],"about":[{"href":"https:\/\/ateliers-francais.gc-dev.fr\/index.php?rest_route=\/wp\/v2\/types\/product"}],"replies":[{"embeddable":true,"href":"https:\/\/ateliers-francais.gc-dev.fr\/index.php?rest_route=%2Fwp%2Fv2%2Fcomments&post=10154"}],"version-history":[{"count":1,"href":"https:\/\/ateliers-francais.gc-dev.fr\/index.php?rest_route=\/wp\/v2\/product\/10154\/revisions"}],"predecessor-version":[{"id":10261,"href":"https:\/\/ateliers-francais.gc-dev.fr\/index.php?rest_route=\/wp\/v2\/product\/10154\/revisions\/10261"}],"wp:featuredmedia":[{"embeddable":true,"href":"https:\/\/ateliers-francais.gc-dev.fr\/index.php?rest_route=\/wp\/v2\/media\/10258"}],"wp:attachment":[{"href":"https:\/\/ateliers-francais.gc-dev.fr\/index.php?rest_route=%2Fwp%2Fv2%2Fmedia&parent=10154"}],"wp:term":[{"taxonomy":"product_cat","embeddable":true,"href":"https:\/\/ateliers-francais.gc-dev.fr\/index.php?rest_route=%2Fwp%2Fv2%2Fproduct_cat&post=10154"},{"taxonomy":"product_tag","embeddable":true,"href":"https:\/\/ateliers-francais.gc-dev.fr\/index.php?rest_route=%2Fwp%2Fv2%2Fproduct_tag&post=10154"}],"curies":[{"name":"wp","href":"https:\/\/api.w.org\/{rel}","templated":true}]}}