{"id":10115,"date":"2023-10-17T02:49:23","date_gmt":"2023-10-17T00:49:23","guid":{"rendered":"https:\/\/ateliers-francais.gc-dev.fr\/?post_type=product&#038;p=10115"},"modified":"2023-10-17T02:57:40","modified_gmt":"2023-10-17T00:57:40","slug":"surf-32000","status":"publish","type":"product","link":"https:\/\/ateliers-francais.gc-dev.fr\/?product=surf-32000","title":{"rendered":"SURF &#8211; 32000"},"content":{"rendered":"<h4>COUPE-VENT UNISEXE D\u00c9PERLANT<\/h4>\n<div class=\"std\"><strong>Certainement le plus comp\u00e9titif du march\u00e9.<br \/>\nIl se diff\u00e9rencie de la concurrence par deux poches zipp\u00e9es, zip au col pour la capuche, des \u0153illets d&rsquo;a\u00e9ration.<\/strong><\/div>\n<h3 class=\"\">Qualit\u00e9<\/h3>\n<div class=\"std\">\n<div>100% nylon 210 T<br \/>\nD\u00e9perlant<\/div>\n<\/div>\n<h3 class=\"bordure\">Style<\/h3>\n<div class=\"std\">\n<div>CLASSIQUE<\/div>\n<div>Ouverture par zip<br \/>\nCapuche et cordon de serrage pli\u00e9s dans le col<br \/>\n2 poches ext\u00e9rieures zipp\u00e9es<br \/>\nSyst\u00e8me de pliage \u00ab in bag \u00bb avec \u00e9lastiques se nouant \u00e0 la taille<br \/>\nPoignets avec \u00e9lastique<br \/>\n\u0152illets d\u2019a\u00e9ration<\/div>\n<\/div>\n","protected":false},"excerpt":{"rendered":"<p>COUPE-VENT UNISEXE D\u00c9PERLANT Certainement le plus comp\u00e9titif du march\u00e9. Il se diff\u00e9rencie de la concurrence par deux poches zipp\u00e9es, zip<\/p>\n","protected":false},"featured_media":10243,"comment_status":"open","ping_status":"closed","template":"","meta":[],"product_cat":[224],"product_tag":[],"class_list":{"0":"post-10115","1":"product","2":"type-product","3":"status-publish","4":"has-post-thumbnail","6":"product_cat-kway","8":"first","9":"instock","10":"shipping-taxable","11":"purchasable","12":"product-type-variable"},"_links":{"self":[{"href":"https:\/\/ateliers-francais.gc-dev.fr\/index.php?rest_route=\/wp\/v2\/product\/10115","targetHints":{"allow":["GET"]}}],"collection":[{"href":"https:\/\/ateliers-francais.gc-dev.fr\/index.php?rest_route=\/wp\/v2\/product"}],"about":[{"href":"https:\/\/ateliers-francais.gc-dev.fr\/index.php?rest_route=\/wp\/v2\/types\/product"}],"replies":[{"embeddable":true,"href":"https:\/\/ateliers-francais.gc-dev.fr\/index.php?rest_route=%2Fwp%2Fv2%2Fcomments&post=10115"}],"version-history":[{"count":1,"href":"https:\/\/ateliers-francais.gc-dev.fr\/index.php?rest_route=\/wp\/v2\/product\/10115\/revisions"}],"predecessor-version":[{"id":10246,"href":"https:\/\/ateliers-francais.gc-dev.fr\/index.php?rest_route=\/wp\/v2\/product\/10115\/revisions\/10246"}],"wp:featuredmedia":[{"embeddable":true,"href":"https:\/\/ateliers-francais.gc-dev.fr\/index.php?rest_route=\/wp\/v2\/media\/10243"}],"wp:attachment":[{"href":"https:\/\/ateliers-francais.gc-dev.fr\/index.php?rest_route=%2Fwp%2Fv2%2Fmedia&parent=10115"}],"wp:term":[{"taxonomy":"product_cat","embeddable":true,"href":"https:\/\/ateliers-francais.gc-dev.fr\/index.php?rest_route=%2Fwp%2Fv2%2Fproduct_cat&post=10115"},{"taxonomy":"product_tag","embeddable":true,"href":"https:\/\/ateliers-francais.gc-dev.fr\/index.php?rest_route=%2Fwp%2Fv2%2Fproduct_tag&post=10115"}],"curies":[{"name":"wp","href":"https:\/\/api.w.org\/{rel}","templated":true}]}}