{"id":10114,"date":"2023-10-17T02:49:23","date_gmt":"2023-10-17T00:49:23","guid":{"rendered":"https:\/\/ateliers-francais.gc-dev.fr\/?post_type=product&#038;p=10114"},"modified":"2023-10-17T02:57:40","modified_gmt":"2023-10-17T00:57:40","slug":"skate-01171","status":"publish","type":"product","link":"https:\/\/ateliers-francais.gc-dev.fr\/?product=skate-01171","title":{"rendered":"SKATE &#8211; 01171"},"content":{"rendered":"<h4>COUPE-VENT UNISEXE DOUBL\u00c9<\/h4>\n<div class=\"std\"><strong>Coupe-vent tendance avec des coloris fashions, ses zips et sa doublure filet contrast\u00e9s.<\/strong><\/div>\n<h3 class=\"\">Qualit\u00e9<\/h3>\n<div class=\"std\">\n<div>Ext\u00e9rieur<br \/>\n100% nylon 210T<br \/>\nD\u00e9perlant et coupe-vent<br \/>\nDoublure filet 100% polyester<\/div>\n<\/div>\n<h3 class=\"bordure\">Style<\/h3>\n<div class=\"std\">\n<div>TENDANCE<\/div>\n<div>Zip contrast\u00e9<br \/>\nPoches c\u00f4t\u00e9s<\/div>\n<\/div>\n","protected":false},"excerpt":{"rendered":"<p>COUPE-VENT UNISEXE DOUBL\u00c9 Coupe-vent tendance avec des coloris fashions, ses zips et sa doublure filet contrast\u00e9s. Qualit\u00e9 Ext\u00e9rieur 100% nylon<\/p>\n","protected":false},"featured_media":10241,"comment_status":"open","ping_status":"closed","template":"","meta":[],"product_cat":[224],"product_tag":[],"class_list":{"0":"post-10114","1":"product","2":"type-product","3":"status-publish","4":"has-post-thumbnail","6":"product_cat-kway","8":"first","9":"instock","10":"shipping-taxable","11":"purchasable","12":"product-type-variable"},"_links":{"self":[{"href":"https:\/\/ateliers-francais.gc-dev.fr\/index.php?rest_route=\/wp\/v2\/product\/10114","targetHints":{"allow":["GET"]}}],"collection":[{"href":"https:\/\/ateliers-francais.gc-dev.fr\/index.php?rest_route=\/wp\/v2\/product"}],"about":[{"href":"https:\/\/ateliers-francais.gc-dev.fr\/index.php?rest_route=\/wp\/v2\/types\/product"}],"replies":[{"embeddable":true,"href":"https:\/\/ateliers-francais.gc-dev.fr\/index.php?rest_route=%2Fwp%2Fv2%2Fcomments&post=10114"}],"version-history":[{"count":1,"href":"https:\/\/ateliers-francais.gc-dev.fr\/index.php?rest_route=\/wp\/v2\/product\/10114\/revisions"}],"predecessor-version":[{"id":10242,"href":"https:\/\/ateliers-francais.gc-dev.fr\/index.php?rest_route=\/wp\/v2\/product\/10114\/revisions\/10242"}],"wp:featuredmedia":[{"embeddable":true,"href":"https:\/\/ateliers-francais.gc-dev.fr\/index.php?rest_route=\/wp\/v2\/media\/10241"}],"wp:attachment":[{"href":"https:\/\/ateliers-francais.gc-dev.fr\/index.php?rest_route=%2Fwp%2Fv2%2Fmedia&parent=10114"}],"wp:term":[{"taxonomy":"product_cat","embeddable":true,"href":"https:\/\/ateliers-francais.gc-dev.fr\/index.php?rest_route=%2Fwp%2Fv2%2Fproduct_cat&post=10114"},{"taxonomy":"product_tag","embeddable":true,"href":"https:\/\/ateliers-francais.gc-dev.fr\/index.php?rest_route=%2Fwp%2Fv2%2Fproduct_tag&post=10114"}],"curies":[{"name":"wp","href":"https:\/\/api.w.org\/{rel}","templated":true}]}}