{"id":10113,"date":"2023-10-17T02:49:23","date_gmt":"2023-10-17T00:49:23","guid":{"rendered":"https:\/\/ateliers-francais.gc-dev.fr\/?post_type=product&#038;p=10113"},"modified":"2023-10-17T02:57:40","modified_gmt":"2023-10-17T00:57:40","slug":"record-43500","status":"publish","type":"product","link":"https:\/\/ateliers-francais.gc-dev.fr\/?product=record-43500","title":{"rendered":"RECORD &#8211; 43500"},"content":{"rendered":"<h4>PARKA UNISEXE DOUBL\u00c9E POLAIRE ET MATELASS\u00c9E<\/h4>\n<h3 class=\"\">Qualit\u00e9<\/h3>\n<div class=\"std\">\n<div>OXFORD 300D<\/div>\n<div>Polyester oxford 300 D doubl\u00e9e polaire et nylon matelass\u00e9<\/div>\n<\/div>\n<h3 class=\"bordure\">Style<\/h3>\n<div class=\"std\">\n<div>CLASSIQUE<\/div>\n<div>Ouverture avec patte, zip et boutons pression<br \/>\nPoignets ajustables par patte et bande auto-agrippante<br \/>\nNombreuses poches<br \/>\nCapuche pli\u00e9e dans le col avec ouverture\u00a0avec bande auto-agrippante<br \/>\nZips SBS<\/div>\n<\/div>\n","protected":false},"excerpt":{"rendered":"<p>PARKA UNISEXE DOUBL\u00c9E POLAIRE ET MATELASS\u00c9E Qualit\u00e9 OXFORD 300D Polyester oxford 300 D doubl\u00e9e polaire et nylon matelass\u00e9 Style CLASSIQUE<\/p>\n","protected":false},"featured_media":10237,"comment_status":"open","ping_status":"closed","template":"","meta":[],"product_cat":[223],"product_tag":[],"class_list":{"0":"post-10113","1":"product","2":"type-product","3":"status-publish","4":"has-post-thumbnail","6":"product_cat-parka","8":"first","9":"instock","10":"shipping-taxable","11":"purchasable","12":"product-type-variable"},"_links":{"self":[{"href":"https:\/\/ateliers-francais.gc-dev.fr\/index.php?rest_route=\/wp\/v2\/product\/10113","targetHints":{"allow":["GET"]}}],"collection":[{"href":"https:\/\/ateliers-francais.gc-dev.fr\/index.php?rest_route=\/wp\/v2\/product"}],"about":[{"href":"https:\/\/ateliers-francais.gc-dev.fr\/index.php?rest_route=\/wp\/v2\/types\/product"}],"replies":[{"embeddable":true,"href":"https:\/\/ateliers-francais.gc-dev.fr\/index.php?rest_route=%2Fwp%2Fv2%2Fcomments&post=10113"}],"version-history":[{"count":1,"href":"https:\/\/ateliers-francais.gc-dev.fr\/index.php?rest_route=\/wp\/v2\/product\/10113\/revisions"}],"predecessor-version":[{"id":10240,"href":"https:\/\/ateliers-francais.gc-dev.fr\/index.php?rest_route=\/wp\/v2\/product\/10113\/revisions\/10240"}],"wp:featuredmedia":[{"embeddable":true,"href":"https:\/\/ateliers-francais.gc-dev.fr\/index.php?rest_route=\/wp\/v2\/media\/10237"}],"wp:attachment":[{"href":"https:\/\/ateliers-francais.gc-dev.fr\/index.php?rest_route=%2Fwp%2Fv2%2Fmedia&parent=10113"}],"wp:term":[{"taxonomy":"product_cat","embeddable":true,"href":"https:\/\/ateliers-francais.gc-dev.fr\/index.php?rest_route=%2Fwp%2Fv2%2Fproduct_cat&post=10113"},{"taxonomy":"product_tag","embeddable":true,"href":"https:\/\/ateliers-francais.gc-dev.fr\/index.php?rest_route=%2Fwp%2Fv2%2Fproduct_tag&post=10113"}],"curies":[{"name":"wp","href":"https:\/\/api.w.org\/{rel}","templated":true}]}}