{"id":10111,"date":"2023-10-17T02:49:23","date_gmt":"2023-10-17T00:49:23","guid":{"rendered":"https:\/\/ateliers-francais.gc-dev.fr\/?post_type=product&#038;p=10111"},"modified":"2023-10-17T02:53:14","modified_gmt":"2023-10-17T00:53:14","slug":"urban-70600","status":"publish","type":"product","link":"https:\/\/ateliers-francais.gc-dev.fr\/?product=urban-70600","title":{"rendered":"URBAN &#8211; 70600"},"content":{"rendered":"<h4>SAC \u00c0 DOS<\/h4>\n<div class=\"std\"><strong>Sac \u00e0 dos id\u00e9al pour les op\u00e9rations de masse avec une surface de marquage importante et un large choix de coloris.<\/strong><\/div>\n<h3 class=\"\">Qualit\u00e9<\/h3>\n<div class=\"std\">\n<div>100% POLYESTER 210D<\/div>\n<div>Coins devant renforc\u00e9s avec \u0153illets<br \/>\nCordelettes ajustables<\/div>\n<\/div>\n","protected":false},"excerpt":{"rendered":"<p>SAC \u00c0 DOS Sac \u00e0 dos id\u00e9al pour les op\u00e9rations de masse avec une surface de marquage importante et un<\/p>\n","protected":false},"featured_media":10233,"comment_status":"open","ping_status":"closed","template":"","meta":[],"product_cat":[130],"product_tag":[],"class_list":{"0":"post-10111","1":"product","2":"type-product","3":"status-publish","4":"has-post-thumbnail","6":"product_cat-sac-a-dos","8":"first","9":"instock","10":"shipping-taxable","11":"purchasable","12":"product-type-variable"},"_links":{"self":[{"href":"https:\/\/ateliers-francais.gc-dev.fr\/index.php?rest_route=\/wp\/v2\/product\/10111","targetHints":{"allow":["GET"]}}],"collection":[{"href":"https:\/\/ateliers-francais.gc-dev.fr\/index.php?rest_route=\/wp\/v2\/product"}],"about":[{"href":"https:\/\/ateliers-francais.gc-dev.fr\/index.php?rest_route=\/wp\/v2\/types\/product"}],"replies":[{"embeddable":true,"href":"https:\/\/ateliers-francais.gc-dev.fr\/index.php?rest_route=%2Fwp%2Fv2%2Fcomments&post=10111"}],"version-history":[{"count":1,"href":"https:\/\/ateliers-francais.gc-dev.fr\/index.php?rest_route=\/wp\/v2\/product\/10111\/revisions"}],"predecessor-version":[{"id":10234,"href":"https:\/\/ateliers-francais.gc-dev.fr\/index.php?rest_route=\/wp\/v2\/product\/10111\/revisions\/10234"}],"wp:featuredmedia":[{"embeddable":true,"href":"https:\/\/ateliers-francais.gc-dev.fr\/index.php?rest_route=\/wp\/v2\/media\/10233"}],"wp:attachment":[{"href":"https:\/\/ateliers-francais.gc-dev.fr\/index.php?rest_route=%2Fwp%2Fv2%2Fmedia&parent=10111"}],"wp:term":[{"taxonomy":"product_cat","embeddable":true,"href":"https:\/\/ateliers-francais.gc-dev.fr\/index.php?rest_route=%2Fwp%2Fv2%2Fproduct_cat&post=10111"},{"taxonomy":"product_tag","embeddable":true,"href":"https:\/\/ateliers-francais.gc-dev.fr\/index.php?rest_route=%2Fwp%2Fv2%2Fproduct_tag&post=10111"}],"curies":[{"name":"wp","href":"https:\/\/api.w.org\/{rel}","templated":true}]}}