{"id":10109,"date":"2023-10-17T02:49:23","date_gmt":"2023-10-17T00:49:23","guid":{"rendered":"https:\/\/ateliers-francais.gc-dev.fr\/?post_type=product&#038;p=10109"},"modified":"2023-10-17T02:50:16","modified_gmt":"2023-10-17T00:50:16","slug":"sporty-women-01159","status":"publish","type":"product","link":"https:\/\/ateliers-francais.gc-dev.fr\/?product=sporty-women-01159","title":{"rendered":"SPORTY WOMEN &#8211; 01159"},"content":{"rendered":"<h4>TEE-SHIRT FEMME MANCHES RAGLAN<\/h4>\n<div class=\"std\"><strong>Sa mati\u00e8re respirante, sa coupe avec les manches raglans et ses coutures plates en font le produit id\u00e9al pour toutes vos op\u00e9rations sportives. Sa large offre de tailles et de coloris est aussi pr\u00e9sent\u00e9 en fluo<\/strong><\/div>\n<h3 class=\"\">Qualit\u00e9<\/h3>\n<div class=\"std\">\n<div>MESH POLYESTER 140<\/div>\n<div>100% polyester effet respirant &#8211; Dry fit<br \/>\nColletage au col<\/div>\n<\/div>\n<h3 class=\"bordure\">Style<\/h3>\n<div class=\"std\">\n<div>SPORT<\/div>\n<div>Manches raglan<br \/>\nDos plus long<\/div>\n<div><\/div>\n<\/div>\n","protected":false},"excerpt":{"rendered":"<p>TEE-SHIRT FEMME MANCHES RAGLAN Sa mati\u00e8re respirante, sa coupe avec les manches raglans et ses coutures plates en font le<\/p>\n","protected":false},"featured_media":10225,"comment_status":"open","ping_status":"closed","template":"","meta":[],"product_cat":[220],"product_tag":[],"class_list":{"0":"post-10109","1":"product","2":"type-product","3":"status-publish","4":"has-post-thumbnail","6":"product_cat-polyester-respirant-t-shirt","8":"first","9":"instock","10":"shipping-taxable","11":"purchasable","12":"product-type-simple"},"_links":{"self":[{"href":"https:\/\/ateliers-francais.gc-dev.fr\/index.php?rest_route=\/wp\/v2\/product\/10109","targetHints":{"allow":["GET"]}}],"collection":[{"href":"https:\/\/ateliers-francais.gc-dev.fr\/index.php?rest_route=\/wp\/v2\/product"}],"about":[{"href":"https:\/\/ateliers-francais.gc-dev.fr\/index.php?rest_route=\/wp\/v2\/types\/product"}],"replies":[{"embeddable":true,"href":"https:\/\/ateliers-francais.gc-dev.fr\/index.php?rest_route=%2Fwp%2Fv2%2Fcomments&post=10109"}],"version-history":[{"count":1,"href":"https:\/\/ateliers-francais.gc-dev.fr\/index.php?rest_route=\/wp\/v2\/product\/10109\/revisions"}],"predecessor-version":[{"id":10228,"href":"https:\/\/ateliers-francais.gc-dev.fr\/index.php?rest_route=\/wp\/v2\/product\/10109\/revisions\/10228"}],"wp:featuredmedia":[{"embeddable":true,"href":"https:\/\/ateliers-francais.gc-dev.fr\/index.php?rest_route=\/wp\/v2\/media\/10225"}],"wp:attachment":[{"href":"https:\/\/ateliers-francais.gc-dev.fr\/index.php?rest_route=%2Fwp%2Fv2%2Fmedia&parent=10109"}],"wp:term":[{"taxonomy":"product_cat","embeddable":true,"href":"https:\/\/ateliers-francais.gc-dev.fr\/index.php?rest_route=%2Fwp%2Fv2%2Fproduct_cat&post=10109"},{"taxonomy":"product_tag","embeddable":true,"href":"https:\/\/ateliers-francais.gc-dev.fr\/index.php?rest_route=%2Fwp%2Fv2%2Fproduct_tag&post=10109"}],"curies":[{"name":"wp","href":"https:\/\/api.w.org\/{rel}","templated":true}]}}