{"id":10105,"date":"2023-10-17T02:49:23","date_gmt":"2023-10-17T00:49:23","guid":{"rendered":"https:\/\/ateliers-francais.gc-dev.fr\/?post_type=product&#038;p=10105"},"modified":"2023-10-17T02:51:08","modified_gmt":"2023-10-17T00:51:08","slug":"miles-men-01398","status":"publish","type":"product","link":"https:\/\/ateliers-francais.gc-dev.fr\/?product=miles-men-01398","title":{"rendered":"MILES MEN &#8211; 01398"},"content":{"rendered":"<h4>TEE-SHIRT HOMME COL ROND RAY\u00c9<\/h4>\n<div class=\"std\"><strong>Eternel classique toujours \u00e0 la mode dans les plus belles qualit\u00e9s que sont le coton peign\u00e9 et les rayures tiss\u00e9es.<\/strong><\/div>\n<h3 class=\"\">Qualit\u00e9<\/h3>\n<div class=\"std\">\n<div>JERSEY 150<\/div>\n<div>100% coton peign\u00e9 Ringspun<\/div>\n<\/div>\n<h3 class=\"bordure\">Style<\/h3>\n<div class=\"std\">\n<div>TENDANCE<\/div>\n<div>Manches courtes<br \/>\nCoupe ajust\u00e9e<br \/>\nCoup\u00e9 cousu<br \/>\nD\u00e9tails en chambray \u00e0 l&rsquo;int\u00e9rieur du col<\/div>\n<\/div>\n","protected":false},"excerpt":{"rendered":"<p>TEE-SHIRT HOMME COL ROND RAY\u00c9 Eternel classique toujours \u00e0 la mode dans les plus belles qualit\u00e9s que sont le coton<\/p>\n","protected":false},"featured_media":10209,"comment_status":"open","ping_status":"closed","template":"","meta":[],"product_cat":[219],"product_tag":[],"class_list":{"0":"post-10105","1":"product","2":"type-product","3":"status-publish","4":"has-post-thumbnail","6":"product_cat-mariniere","8":"first","9":"instock","10":"shipping-taxable","11":"purchasable","12":"product-type-variable"},"_links":{"self":[{"href":"https:\/\/ateliers-francais.gc-dev.fr\/index.php?rest_route=\/wp\/v2\/product\/10105","targetHints":{"allow":["GET"]}}],"collection":[{"href":"https:\/\/ateliers-francais.gc-dev.fr\/index.php?rest_route=\/wp\/v2\/product"}],"about":[{"href":"https:\/\/ateliers-francais.gc-dev.fr\/index.php?rest_route=\/wp\/v2\/types\/product"}],"replies":[{"embeddable":true,"href":"https:\/\/ateliers-francais.gc-dev.fr\/index.php?rest_route=%2Fwp%2Fv2%2Fcomments&post=10105"}],"version-history":[{"count":1,"href":"https:\/\/ateliers-francais.gc-dev.fr\/index.php?rest_route=\/wp\/v2\/product\/10105\/revisions"}],"predecessor-version":[{"id":10212,"href":"https:\/\/ateliers-francais.gc-dev.fr\/index.php?rest_route=\/wp\/v2\/product\/10105\/revisions\/10212"}],"wp:featuredmedia":[{"embeddable":true,"href":"https:\/\/ateliers-francais.gc-dev.fr\/index.php?rest_route=\/wp\/v2\/media\/10209"}],"wp:attachment":[{"href":"https:\/\/ateliers-francais.gc-dev.fr\/index.php?rest_route=%2Fwp%2Fv2%2Fmedia&parent=10105"}],"wp:term":[{"taxonomy":"product_cat","embeddable":true,"href":"https:\/\/ateliers-francais.gc-dev.fr\/index.php?rest_route=%2Fwp%2Fv2%2Fproduct_cat&post=10105"},{"taxonomy":"product_tag","embeddable":true,"href":"https:\/\/ateliers-francais.gc-dev.fr\/index.php?rest_route=%2Fwp%2Fv2%2Fproduct_tag&post=10105"}],"curies":[{"name":"wp","href":"https:\/\/api.w.org\/{rel}","templated":true}]}}