{"id":10060,"date":"2023-10-17T02:49:01","date_gmt":"2023-10-17T00:49:01","guid":{"rendered":"https:\/\/ateliers-francais.gc-dev.fr\/?post_type=product&#038;p=10060"},"modified":"2023-10-17T02:51:08","modified_gmt":"2023-10-17T00:51:08","slug":"master-11155","status":"publish","type":"product","link":"https:\/\/ateliers-francais.gc-dev.fr\/?product=master-11155","title":{"rendered":"MASTER &#8211; 11155"},"content":{"rendered":"<h4>TEE-SHIRT HOMME COL \u201cV\u2019\u2019 PROFOND<\/h4>\n<div class=\"std\"><strong>La r\u00e9f\u00e9rence du T-shirt col V profond et sa coupe ajust\u00e9e,<br \/>\nId\u00e9al pour le milieu de la mode.<\/strong><\/div>\n<h3 class=\"\">Qualit\u00e9<\/h3>\n<div class=\"std\">\n<div>JERSEY 150<\/div>\n<div>100% coton semi-peign\u00e9 Ringspun<br \/>\nBande de propret\u00e9 au col<\/div>\n<\/div>\n<h3 class=\"bordure\">Style<\/h3>\n<div class=\"std\">\n<div>TENDANCE<\/div>\n<div>Manches courtes<br \/>\nCol \u00ab\u00a0V\u00a0\u00bb profond avec bord c\u00f4te<br \/>\nCoup\u00e9 cousu<\/div>\n<\/div>\n","protected":false},"excerpt":{"rendered":"<p>TEE-SHIRT HOMME COL \u201cV\u2019\u2019 PROFOND La r\u00e9f\u00e9rence du T-shirt col V profond et sa coupe ajust\u00e9e, Id\u00e9al pour le milieu<\/p>\n","protected":false},"featured_media":10192,"comment_status":"open","ping_status":"closed","template":"","meta":[],"product_cat":[127],"product_tag":[],"class_list":{"0":"post-10060","1":"product","2":"type-product","3":"status-publish","4":"has-post-thumbnail","6":"product_cat-manches-courtes","8":"first","9":"instock","10":"shipping-taxable","11":"purchasable","12":"product-type-variable"},"_links":{"self":[{"href":"https:\/\/ateliers-francais.gc-dev.fr\/index.php?rest_route=\/wp\/v2\/product\/10060","targetHints":{"allow":["GET"]}}],"collection":[{"href":"https:\/\/ateliers-francais.gc-dev.fr\/index.php?rest_route=\/wp\/v2\/product"}],"about":[{"href":"https:\/\/ateliers-francais.gc-dev.fr\/index.php?rest_route=\/wp\/v2\/types\/product"}],"replies":[{"embeddable":true,"href":"https:\/\/ateliers-francais.gc-dev.fr\/index.php?rest_route=%2Fwp%2Fv2%2Fcomments&post=10060"}],"version-history":[{"count":1,"href":"https:\/\/ateliers-francais.gc-dev.fr\/index.php?rest_route=\/wp\/v2\/product\/10060\/revisions"}],"predecessor-version":[{"id":10195,"href":"https:\/\/ateliers-francais.gc-dev.fr\/index.php?rest_route=\/wp\/v2\/product\/10060\/revisions\/10195"}],"wp:featuredmedia":[{"embeddable":true,"href":"https:\/\/ateliers-francais.gc-dev.fr\/index.php?rest_route=\/wp\/v2\/media\/10192"}],"wp:attachment":[{"href":"https:\/\/ateliers-francais.gc-dev.fr\/index.php?rest_route=%2Fwp%2Fv2%2Fmedia&parent=10060"}],"wp:term":[{"taxonomy":"product_cat","embeddable":true,"href":"https:\/\/ateliers-francais.gc-dev.fr\/index.php?rest_route=%2Fwp%2Fv2%2Fproduct_cat&post=10060"},{"taxonomy":"product_tag","embeddable":true,"href":"https:\/\/ateliers-francais.gc-dev.fr\/index.php?rest_route=%2Fwp%2Fv2%2Fproduct_tag&post=10060"}],"curies":[{"name":"wp","href":"https:\/\/api.w.org\/{rel}","templated":true}]}}