{"id":10059,"date":"2023-10-17T02:49:01","date_gmt":"2023-10-17T00:49:01","guid":{"rendered":"https:\/\/ateliers-francais.gc-dev.fr\/?post_type=product&#038;p=10059"},"modified":"2023-10-17T02:51:30","modified_gmt":"2023-10-17T00:51:30","slug":"moon-11388","status":"publish","type":"product","link":"https:\/\/ateliers-francais.gc-dev.fr\/?product=moon-11388","title":{"rendered":"MOON &#8211; 11388"},"content":{"rendered":"<h4>TEE-SHIRT FEMME COL \u201cV\u201d<\/h4>\n<div class=\"std\"><strong>La r\u00e9f\u00e9rence du T-shirt col V profond, en version f\u00e9minine<br \/>\nCoupe ajust\u00e9e, id\u00e9al pour le milieu de la mode.<\/strong><\/div>\n<h3 class=\"\">Qualit\u00e9<\/h3>\n<div class=\"std\">\n<div>JERSEY 150<\/div>\n<div>100% coton semi-peign\u00e9 Ringspun<br \/>\nBande de propret\u00e9 au col<\/div>\n<\/div>\n<h3 class=\"bordure\">Style<\/h3>\n<div class=\"std\">\n<div>F\u00c9MININ<\/div>\n<div>Manches courtes<br \/>\nCoupe cintr\u00e9e<br \/>\nCol \u201cV\u201d en bord c\u00f4te \u00e9lasthanne<br \/>\nCoup\u00e9 cousu<\/div>\n<\/div>\n","protected":false},"excerpt":{"rendered":"<p>TEE-SHIRT FEMME COL \u201cV\u201d La r\u00e9f\u00e9rence du T-shirt col V profond, en version f\u00e9minine Coupe ajust\u00e9e, id\u00e9al pour le milieu<\/p>\n","protected":false},"featured_media":10188,"comment_status":"open","ping_status":"closed","template":"","meta":[],"product_cat":[127],"product_tag":[],"class_list":{"0":"post-10059","1":"product","2":"type-product","3":"status-publish","4":"has-post-thumbnail","6":"product_cat-manches-courtes","8":"first","9":"instock","10":"shipping-taxable","11":"purchasable","12":"product-type-variable"},"_links":{"self":[{"href":"https:\/\/ateliers-francais.gc-dev.fr\/index.php?rest_route=\/wp\/v2\/product\/10059","targetHints":{"allow":["GET"]}}],"collection":[{"href":"https:\/\/ateliers-francais.gc-dev.fr\/index.php?rest_route=\/wp\/v2\/product"}],"about":[{"href":"https:\/\/ateliers-francais.gc-dev.fr\/index.php?rest_route=\/wp\/v2\/types\/product"}],"replies":[{"embeddable":true,"href":"https:\/\/ateliers-francais.gc-dev.fr\/index.php?rest_route=%2Fwp%2Fv2%2Fcomments&post=10059"}],"version-history":[{"count":1,"href":"https:\/\/ateliers-francais.gc-dev.fr\/index.php?rest_route=\/wp\/v2\/product\/10059\/revisions"}],"predecessor-version":[{"id":10191,"href":"https:\/\/ateliers-francais.gc-dev.fr\/index.php?rest_route=\/wp\/v2\/product\/10059\/revisions\/10191"}],"wp:featuredmedia":[{"embeddable":true,"href":"https:\/\/ateliers-francais.gc-dev.fr\/index.php?rest_route=\/wp\/v2\/media\/10188"}],"wp:attachment":[{"href":"https:\/\/ateliers-francais.gc-dev.fr\/index.php?rest_route=%2Fwp%2Fv2%2Fmedia&parent=10059"}],"wp:term":[{"taxonomy":"product_cat","embeddable":true,"href":"https:\/\/ateliers-francais.gc-dev.fr\/index.php?rest_route=%2Fwp%2Fv2%2Fproduct_cat&post=10059"},{"taxonomy":"product_tag","embeddable":true,"href":"https:\/\/ateliers-francais.gc-dev.fr\/index.php?rest_route=%2Fwp%2Fv2%2Fproduct_tag&post=10059"}],"curies":[{"name":"wp","href":"https:\/\/api.w.org\/{rel}","templated":true}]}}