{"id":10056,"date":"2023-10-17T02:49:01","date_gmt":"2023-10-17T00:49:01","guid":{"rendered":"https:\/\/ateliers-francais.gc-dev.fr\/?post_type=product&#038;p=10056"},"modified":"2023-10-17T02:51:52","modified_gmt":"2023-10-17T00:51:52","slug":"imperial-ml-men-02074","status":"publish","type":"product","link":"https:\/\/ateliers-francais.gc-dev.fr\/?product=imperial-ml-men-02074","title":{"rendered":"IMPERIAL ML MEN &#8211; 02074"},"content":{"rendered":"<h4>TEE-SHIRT HOMME MANCHES LONGUES<\/h4>\n<h3 class=\"\">Qualit\u00e9<\/h3>\n<div class=\"std\">\n<div>JERSEY 190<\/div>\n<div>100% coton semi-peign\u00e9 Ringspun<\/div>\n<\/div>\n<h3 class=\"bordure\">Style<\/h3>\n<div class=\"std\">\n<div>Col rond bord c\u00f4te \u00e9lasthanne<br \/>\nManches longues<br \/>\nTubulaire<br \/>\nBande de propret\u00e9 int\u00e9rieure au col<\/div>\n<\/div>\n","protected":false},"excerpt":{"rendered":"<p>TEE-SHIRT HOMME MANCHES LONGUES Qualit\u00e9 JERSEY 190 100% coton semi-peign\u00e9 Ringspun Style Col rond bord c\u00f4te \u00e9lasthanne Manches longues Tubulaire<\/p>\n","protected":false},"featured_media":10176,"comment_status":"open","ping_status":"closed","template":"","meta":[],"product_cat":[214],"product_tag":[],"class_list":{"0":"post-10056","1":"product","2":"type-product","3":"status-publish","4":"has-post-thumbnail","6":"product_cat-manches-longues-t-shirt","8":"first","9":"instock","10":"shipping-taxable","11":"purchasable","12":"product-type-variable"},"_links":{"self":[{"href":"https:\/\/ateliers-francais.gc-dev.fr\/index.php?rest_route=\/wp\/v2\/product\/10056","targetHints":{"allow":["GET"]}}],"collection":[{"href":"https:\/\/ateliers-francais.gc-dev.fr\/index.php?rest_route=\/wp\/v2\/product"}],"about":[{"href":"https:\/\/ateliers-francais.gc-dev.fr\/index.php?rest_route=\/wp\/v2\/types\/product"}],"replies":[{"embeddable":true,"href":"https:\/\/ateliers-francais.gc-dev.fr\/index.php?rest_route=%2Fwp%2Fv2%2Fcomments&post=10056"}],"version-history":[{"count":1,"href":"https:\/\/ateliers-francais.gc-dev.fr\/index.php?rest_route=\/wp\/v2\/product\/10056\/revisions"}],"predecessor-version":[{"id":10179,"href":"https:\/\/ateliers-francais.gc-dev.fr\/index.php?rest_route=\/wp\/v2\/product\/10056\/revisions\/10179"}],"wp:featuredmedia":[{"embeddable":true,"href":"https:\/\/ateliers-francais.gc-dev.fr\/index.php?rest_route=\/wp\/v2\/media\/10176"}],"wp:attachment":[{"href":"https:\/\/ateliers-francais.gc-dev.fr\/index.php?rest_route=%2Fwp%2Fv2%2Fmedia&parent=10056"}],"wp:term":[{"taxonomy":"product_cat","embeddable":true,"href":"https:\/\/ateliers-francais.gc-dev.fr\/index.php?rest_route=%2Fwp%2Fv2%2Fproduct_cat&post=10056"},{"taxonomy":"product_tag","embeddable":true,"href":"https:\/\/ateliers-francais.gc-dev.fr\/index.php?rest_route=%2Fwp%2Fv2%2Fproduct_tag&post=10056"}],"curies":[{"name":"wp","href":"https:\/\/api.w.org\/{rel}","templated":true}]}}