{"id":10055,"date":"2023-10-17T02:49:01","date_gmt":"2023-10-17T00:49:01","guid":{"rendered":"https:\/\/ateliers-francais.gc-dev.fr\/?post_type=product&#038;p=10055"},"modified":"2023-10-17T02:51:52","modified_gmt":"2023-10-17T00:51:52","slug":"sherpa-00584","status":"publish","type":"product","link":"https:\/\/ateliers-francais.gc-dev.fr\/?product=sherpa-00584","title":{"rendered":"SHERPA &#8211; 00584"},"content":{"rendered":"<h4>VESTE ZIPP\u00c9E UNISEXE DOUBL\u00c9E SHERPA<\/h4>\n<div class=\"std\">\n<p><strong>Fashion &amp; tr\u00e8s agr\u00e9able \u00e0 porter<\/strong><\/p>\n<p>Unisexe avec une large gamme de tailles \u00e9tudi\u00e9e pour convenir aussi bien \u00e0 la femme (2XS-XS) qu&rsquo;\u00e0 l&rsquo;homme<\/p>\n<p>Destin\u00e9 \u00e0 tous les types de march\u00e9, aussi bien du Promotionnel que des op\u00e9rations plus jeunes &amp; fashion<\/p>\n<\/div>\n<h3 class=\"\">Qualit\u00e9<\/h3>\n<div class=\"std\">\n<div>MOLLETON 280<\/div>\n<div>80% coton &#8211; 20% polyester<br \/>\nCorps et capuche doubl\u00e9s en sherpa 100% polyester<br \/>\nBas et poignets en bord c\u00f4te \u00e9lasthanne 2&#215;2<\/div>\n<\/div>\n<h3 class=\"bordure\">Style<\/h3>\n<div class=\"std\">\n<div>TENDANCE<\/div>\n<div>Manches mont\u00e9es<br \/>\nPoche kangourou<br \/>\nLarge lacet contrast\u00e9 \u00e0 la capuche<br \/>\nZip cach\u00e9<br \/>\nCoupe ajust\u00e9e<br \/>\nCoup\u00e9 cousu<\/div>\n<\/div>\n","protected":false},"excerpt":{"rendered":"<p>VESTE ZIPP\u00c9E UNISEXE DOUBL\u00c9E SHERPA Fashion &amp; tr\u00e8s agr\u00e9able \u00e0 porter Unisexe avec une large gamme de tailles \u00e9tudi\u00e9e pour<\/p>\n","protected":false},"featured_media":10172,"comment_status":"open","ping_status":"closed","template":"","meta":[],"product_cat":[212],"product_tag":[],"class_list":{"0":"post-10055","1":"product","2":"type-product","3":"status-publish","4":"has-post-thumbnail","6":"product_cat-zippe-a-capuche","8":"first","9":"instock","10":"shipping-taxable","11":"purchasable","12":"product-type-variable"},"_links":{"self":[{"href":"https:\/\/ateliers-francais.gc-dev.fr\/index.php?rest_route=\/wp\/v2\/product\/10055","targetHints":{"allow":["GET"]}}],"collection":[{"href":"https:\/\/ateliers-francais.gc-dev.fr\/index.php?rest_route=\/wp\/v2\/product"}],"about":[{"href":"https:\/\/ateliers-francais.gc-dev.fr\/index.php?rest_route=\/wp\/v2\/types\/product"}],"replies":[{"embeddable":true,"href":"https:\/\/ateliers-francais.gc-dev.fr\/index.php?rest_route=%2Fwp%2Fv2%2Fcomments&post=10055"}],"version-history":[{"count":1,"href":"https:\/\/ateliers-francais.gc-dev.fr\/index.php?rest_route=\/wp\/v2\/product\/10055\/revisions"}],"predecessor-version":[{"id":10175,"href":"https:\/\/ateliers-francais.gc-dev.fr\/index.php?rest_route=\/wp\/v2\/product\/10055\/revisions\/10175"}],"wp:featuredmedia":[{"embeddable":true,"href":"https:\/\/ateliers-francais.gc-dev.fr\/index.php?rest_route=\/wp\/v2\/media\/10172"}],"wp:attachment":[{"href":"https:\/\/ateliers-francais.gc-dev.fr\/index.php?rest_route=%2Fwp%2Fv2%2Fmedia&parent=10055"}],"wp:term":[{"taxonomy":"product_cat","embeddable":true,"href":"https:\/\/ateliers-francais.gc-dev.fr\/index.php?rest_route=%2Fwp%2Fv2%2Fproduct_cat&post=10055"},{"taxonomy":"product_tag","embeddable":true,"href":"https:\/\/ateliers-francais.gc-dev.fr\/index.php?rest_route=%2Fwp%2Fv2%2Fproduct_tag&post=10055"}],"curies":[{"name":"wp","href":"https:\/\/api.w.org\/{rel}","templated":true}]}}