{"id":10032,"date":"2023-10-17T02:48:36","date_gmt":"2023-10-17T00:48:36","guid":{"rendered":"https:\/\/ateliers-francais.gc-dev.fr\/?post_type=product&#038;p=10032"},"modified":"2023-10-17T02:52:14","modified_gmt":"2023-10-17T00:52:14","slug":"snake-16-02835","status":"publish","type":"product","link":"https:\/\/ateliers-francais.gc-dev.fr\/?product=snake-16-02835","title":{"rendered":"SNAKE 16 &#8211; 02835"},"content":{"rendered":"<h4>SWEAT-SHIRT UNISEXE \u00c0 CAPUCHE<\/h4>\n<div class=\"std\"><strong>Excellent rapport qualit\u00e9 prix pour ce sweat, moderne et actuel destin\u00e9 \u00e0 tous les types de march\u00e9<\/strong><\/div>\n<h3 class=\"\">Qualit\u00e9<\/h3>\n<div class=\"std\">\n<div>MOLLETON 280<\/div>\n<div>50% coton Ringspun &#8211; 50% polyester<br \/>\nInt\u00e9rieur en molleton gratt\u00e9<br \/>\nPoignets et bas en bord c\u00f4te \u00e9lasthanne<\/div>\n<\/div>\n<h3 class=\"bordure\">Style<\/h3>\n<div class=\"std\">\n<div>MODERNE<\/div>\n<div>Manches mont\u00e9es<br \/>\nPoche kangourou<br \/>\nCapuche doubl\u00e9e avec lacet ton sur ton<br \/>\nCoupe ajust\u00e9e<\/div>\n<\/div>\n","protected":false},"excerpt":{"rendered":"<p>SWEAT-SHIRT UNISEXE \u00c0 CAPUCHE Excellent rapport qualit\u00e9 prix pour ce sweat, moderne et actuel destin\u00e9 \u00e0 tous les types de<\/p>\n","protected":false},"featured_media":10150,"comment_status":"open","ping_status":"closed","template":"","meta":[],"product_cat":[211],"product_tag":[],"class_list":{"0":"post-10032","1":"product","2":"type-product","3":"status-publish","4":"has-post-thumbnail","6":"product_cat-a-capuche-sweat-shirt","8":"first","9":"instock","10":"shipping-taxable","11":"purchasable","12":"product-type-variable"},"_links":{"self":[{"href":"https:\/\/ateliers-francais.gc-dev.fr\/index.php?rest_route=\/wp\/v2\/product\/10032","targetHints":{"allow":["GET"]}}],"collection":[{"href":"https:\/\/ateliers-francais.gc-dev.fr\/index.php?rest_route=\/wp\/v2\/product"}],"about":[{"href":"https:\/\/ateliers-francais.gc-dev.fr\/index.php?rest_route=\/wp\/v2\/types\/product"}],"replies":[{"embeddable":true,"href":"https:\/\/ateliers-francais.gc-dev.fr\/index.php?rest_route=%2Fwp%2Fv2%2Fcomments&post=10032"}],"version-history":[{"count":1,"href":"https:\/\/ateliers-francais.gc-dev.fr\/index.php?rest_route=\/wp\/v2\/product\/10032\/revisions"}],"predecessor-version":[{"id":10153,"href":"https:\/\/ateliers-francais.gc-dev.fr\/index.php?rest_route=\/wp\/v2\/product\/10032\/revisions\/10153"}],"wp:featuredmedia":[{"embeddable":true,"href":"https:\/\/ateliers-francais.gc-dev.fr\/index.php?rest_route=\/wp\/v2\/media\/10150"}],"wp:attachment":[{"href":"https:\/\/ateliers-francais.gc-dev.fr\/index.php?rest_route=%2Fwp%2Fv2%2Fmedia&parent=10032"}],"wp:term":[{"taxonomy":"product_cat","embeddable":true,"href":"https:\/\/ateliers-francais.gc-dev.fr\/index.php?rest_route=%2Fwp%2Fv2%2Fproduct_cat&post=10032"},{"taxonomy":"product_tag","embeddable":true,"href":"https:\/\/ateliers-francais.gc-dev.fr\/index.php?rest_route=%2Fwp%2Fv2%2Fproduct_tag&post=10032"}],"curies":[{"name":"wp","href":"https:\/\/api.w.org\/{rel}","templated":true}]}}