{"id":10031,"date":"2023-10-17T02:48:36","date_gmt":"2023-10-17T00:48:36","guid":{"rendered":"https:\/\/ateliers-francais.gc-dev.fr\/?post_type=product&#038;p=10031"},"modified":"2023-10-17T02:52:14","modified_gmt":"2023-10-17T00:52:14","slug":"spider-01168","status":"publish","type":"product","link":"https:\/\/ateliers-francais.gc-dev.fr\/?product=spider-01168","title":{"rendered":"SPIDER &#8211; 01168"},"content":{"rendered":"<h4>SWEAT-SHIRT<\/h4>\n<div class=\"std\"><strong>Le meilleur rapport qualit\u00e9 \/ prix du march\u00e9 avec un touch\u00e9 doux<\/strong><\/div>\n<h3 class=\"\">Qualit\u00e9<\/h3>\n<div class=\"std\">\n<div>MOLLETON 260<\/div>\n<div>Molleton gratt\u00e9<br \/>\n50% coton &#8211; 50% polyester<br \/>\nBande de propret\u00e9 au col<br \/>\nPoignets, col et bas en bord c\u00f4te \u00e9lasthanne<\/div>\n<\/div>\n<h3 class=\"bordure\">Style<\/h3>\n<div class=\"std\">\n<div>CLASSIQUE<\/div>\n<div>Manches mont\u00e9es<\/div>\n<\/div>\n","protected":false},"excerpt":{"rendered":"<p>SWEAT-SHIRT Le meilleur rapport qualit\u00e9 \/ prix du march\u00e9 avec un touch\u00e9 doux Qualit\u00e9 MOLLETON 260 Molleton gratt\u00e9 50% coton<\/p>\n","protected":false},"featured_media":10146,"comment_status":"open","ping_status":"closed","template":"","meta":[],"product_cat":[210],"product_tag":[],"class_list":{"0":"post-10031","1":"product","2":"type-product","3":"status-publish","4":"has-post-thumbnail","6":"product_cat-classique-sweat-shirt","8":"first","9":"instock","10":"shipping-taxable","11":"purchasable","12":"product-type-variable"},"_links":{"self":[{"href":"https:\/\/ateliers-francais.gc-dev.fr\/index.php?rest_route=\/wp\/v2\/product\/10031","targetHints":{"allow":["GET"]}}],"collection":[{"href":"https:\/\/ateliers-francais.gc-dev.fr\/index.php?rest_route=\/wp\/v2\/product"}],"about":[{"href":"https:\/\/ateliers-francais.gc-dev.fr\/index.php?rest_route=\/wp\/v2\/types\/product"}],"replies":[{"embeddable":true,"href":"https:\/\/ateliers-francais.gc-dev.fr\/index.php?rest_route=%2Fwp%2Fv2%2Fcomments&post=10031"}],"version-history":[{"count":1,"href":"https:\/\/ateliers-francais.gc-dev.fr\/index.php?rest_route=\/wp\/v2\/product\/10031\/revisions"}],"predecessor-version":[{"id":10149,"href":"https:\/\/ateliers-francais.gc-dev.fr\/index.php?rest_route=\/wp\/v2\/product\/10031\/revisions\/10149"}],"wp:featuredmedia":[{"embeddable":true,"href":"https:\/\/ateliers-francais.gc-dev.fr\/index.php?rest_route=\/wp\/v2\/media\/10146"}],"wp:attachment":[{"href":"https:\/\/ateliers-francais.gc-dev.fr\/index.php?rest_route=%2Fwp%2Fv2%2Fmedia&parent=10031"}],"wp:term":[{"taxonomy":"product_cat","embeddable":true,"href":"https:\/\/ateliers-francais.gc-dev.fr\/index.php?rest_route=%2Fwp%2Fv2%2Fproduct_cat&post=10031"},{"taxonomy":"product_tag","embeddable":true,"href":"https:\/\/ateliers-francais.gc-dev.fr\/index.php?rest_route=%2Fwp%2Fv2%2Fproduct_tag&post=10031"}],"curies":[{"name":"wp","href":"https:\/\/api.w.org\/{rel}","templated":true}]}}