{"id":10030,"date":"2023-10-17T02:48:36","date_gmt":"2023-10-17T00:48:36","guid":{"rendered":"https:\/\/ateliers-francais.gc-dev.fr\/?post_type=product&#038;p=10030"},"modified":"2023-10-17T02:51:52","modified_gmt":"2023-10-17T00:51:52","slug":"new-supreme-kids-13249","status":"publish","type":"product","link":"https:\/\/ateliers-francais.gc-dev.fr\/?product=new-supreme-kids-13249","title":{"rendered":"NEW SUPREME KIDS &#8211; 13249"},"content":{"rendered":"<h4>SWEAT-SHIRT ENFANT<\/h4>\n<h3 class=\"\">Qualit\u00e9<\/h3>\n<div class=\"std\">\n<div>MOLLETON GRATT\u00c9 280<\/div>\n<div>50% coton &#8211; 50% polyester<br \/>\nBande de propret\u00e9 au col<br \/>\nPoignets, col et bas avec bord c\u00f4te \u00e9lasthanne<\/div>\n<\/div>\n<h3 class=\"bordure\">Style<\/h3>\n<div class=\"std\">\n<div>CLASSIQUE<\/div>\n<div>Manches mont\u00e9es<br \/>\nCoup\u00e9 cousu<\/div>\n<\/div>\n","protected":false},"excerpt":{"rendered":"<p>SWEAT-SHIRT ENFANT Qualit\u00e9 MOLLETON GRATT\u00c9 280 50% coton &#8211; 50% polyester Bande de propret\u00e9 au col Poignets, col et bas<\/p>\n","protected":false},"featured_media":10142,"comment_status":"open","ping_status":"closed","template":"","meta":[],"product_cat":[210],"product_tag":[],"class_list":{"0":"post-10030","1":"product","2":"type-product","3":"status-publish","4":"has-post-thumbnail","6":"product_cat-classique-sweat-shirt","8":"first","9":"instock","10":"shipping-taxable","11":"purchasable","12":"product-type-variable"},"_links":{"self":[{"href":"https:\/\/ateliers-francais.gc-dev.fr\/index.php?rest_route=\/wp\/v2\/product\/10030","targetHints":{"allow":["GET"]}}],"collection":[{"href":"https:\/\/ateliers-francais.gc-dev.fr\/index.php?rest_route=\/wp\/v2\/product"}],"about":[{"href":"https:\/\/ateliers-francais.gc-dev.fr\/index.php?rest_route=\/wp\/v2\/types\/product"}],"replies":[{"embeddable":true,"href":"https:\/\/ateliers-francais.gc-dev.fr\/index.php?rest_route=%2Fwp%2Fv2%2Fcomments&post=10030"}],"version-history":[{"count":1,"href":"https:\/\/ateliers-francais.gc-dev.fr\/index.php?rest_route=\/wp\/v2\/product\/10030\/revisions"}],"predecessor-version":[{"id":10145,"href":"https:\/\/ateliers-francais.gc-dev.fr\/index.php?rest_route=\/wp\/v2\/product\/10030\/revisions\/10145"}],"wp:featuredmedia":[{"embeddable":true,"href":"https:\/\/ateliers-francais.gc-dev.fr\/index.php?rest_route=\/wp\/v2\/media\/10142"}],"wp:attachment":[{"href":"https:\/\/ateliers-francais.gc-dev.fr\/index.php?rest_route=%2Fwp%2Fv2%2Fmedia&parent=10030"}],"wp:term":[{"taxonomy":"product_cat","embeddable":true,"href":"https:\/\/ateliers-francais.gc-dev.fr\/index.php?rest_route=%2Fwp%2Fv2%2Fproduct_cat&post=10030"},{"taxonomy":"product_tag","embeddable":true,"href":"https:\/\/ateliers-francais.gc-dev.fr\/index.php?rest_route=%2Fwp%2Fv2%2Fproduct_tag&post=10030"}],"curies":[{"name":"wp","href":"https:\/\/api.w.org\/{rel}","templated":true}]}}