{"id":10029,"date":"2023-10-17T02:48:36","date_gmt":"2023-10-17T00:48:36","guid":{"rendered":"https:\/\/ateliers-francais.gc-dev.fr\/?post_type=product&#038;p=10029"},"modified":"2023-10-17T02:55:35","modified_gmt":"2023-10-17T00:55:35","slug":"replay-kids-46603","status":"publish","type":"product","link":"https:\/\/ateliers-francais.gc-dev.fr\/?product=replay-kids-46603","title":{"rendered":"REPLAY KIDS &#8211; 46603"},"content":{"rendered":"<h4>SOFTSHELL ENFANT \u00c0 CAPUCHE<\/h4>\n<h3 class=\"\">Qualit\u00e9<\/h3>\n<div class=\"std\">\n<div>SOFTSHELL 340<\/div>\n<div>94% polyester &#8211; 6% \u00e9lasthanne<br \/>\nMembrane 8000 mm imperm\u00e9able et respirante.<\/div>\n<\/div>\n<h3 class=\"bordure\">Style<\/h3>\n<div class=\"std\">\n<div>SPORT<\/div>\n<div>2 poches lat\u00e9rales et 1 poche poitrine zipp\u00e9es<br \/>\nBas de manches ajustables\u00a0avec bande auto-agrippante<br \/>\nCapuche sans cordon de serrage<\/div>\n<\/div>\n","protected":false},"excerpt":{"rendered":"<p>SOFTSHELL ENFANT \u00c0 CAPUCHE Qualit\u00e9 SOFTSHELL 340 94% polyester &#8211; 6% \u00e9lasthanne Membrane 8000 mm imperm\u00e9able et respirante. Style SPORT<\/p>\n","protected":false},"featured_media":10138,"comment_status":"open","ping_status":"closed","template":"","meta":[],"product_cat":[208],"product_tag":[],"class_list":{"0":"post-10029","1":"product","2":"type-product","3":"status-publish","4":"has-post-thumbnail","6":"product_cat-manches-longues-softshell","8":"first","9":"instock","10":"shipping-taxable","11":"purchasable","12":"product-type-variable"},"_links":{"self":[{"href":"https:\/\/ateliers-francais.gc-dev.fr\/index.php?rest_route=\/wp\/v2\/product\/10029","targetHints":{"allow":["GET"]}}],"collection":[{"href":"https:\/\/ateliers-francais.gc-dev.fr\/index.php?rest_route=\/wp\/v2\/product"}],"about":[{"href":"https:\/\/ateliers-francais.gc-dev.fr\/index.php?rest_route=\/wp\/v2\/types\/product"}],"replies":[{"embeddable":true,"href":"https:\/\/ateliers-francais.gc-dev.fr\/index.php?rest_route=%2Fwp%2Fv2%2Fcomments&post=10029"}],"version-history":[{"count":1,"href":"https:\/\/ateliers-francais.gc-dev.fr\/index.php?rest_route=\/wp\/v2\/product\/10029\/revisions"}],"predecessor-version":[{"id":10141,"href":"https:\/\/ateliers-francais.gc-dev.fr\/index.php?rest_route=\/wp\/v2\/product\/10029\/revisions\/10141"}],"wp:featuredmedia":[{"embeddable":true,"href":"https:\/\/ateliers-francais.gc-dev.fr\/index.php?rest_route=\/wp\/v2\/media\/10138"}],"wp:attachment":[{"href":"https:\/\/ateliers-francais.gc-dev.fr\/index.php?rest_route=%2Fwp%2Fv2%2Fmedia&parent=10029"}],"wp:term":[{"taxonomy":"product_cat","embeddable":true,"href":"https:\/\/ateliers-francais.gc-dev.fr\/index.php?rest_route=%2Fwp%2Fv2%2Fproduct_cat&post=10029"},{"taxonomy":"product_tag","embeddable":true,"href":"https:\/\/ateliers-francais.gc-dev.fr\/index.php?rest_route=%2Fwp%2Fv2%2Fproduct_tag&post=10029"}],"curies":[{"name":"wp","href":"https:\/\/api.w.org\/{rel}","templated":true}]}}