{"id":10027,"date":"2023-10-17T02:48:35","date_gmt":"2023-10-17T00:48:35","guid":{"rendered":"https:\/\/ateliers-francais.gc-dev.fr\/?post_type=product&#038;p=10027"},"modified":"2023-10-17T02:55:58","modified_gmt":"2023-10-17T00:55:58","slug":"replay-men-46602","status":"publish","type":"product","link":"https:\/\/ateliers-francais.gc-dev.fr\/?product=replay-men-46602","title":{"rendered":"REPLAY MEN &#8211; 46602"},"content":{"rendered":"<h4>SOFTSHELL HOMME \u00c0 CAPUCHE<\/h4>\n<h3 class=\"\">Qualit\u00e9<\/h3>\n<div class=\"std\">\n<div>SOFTSHELL 340<\/div>\n<div>94% polyester &#8211; 6% \u00e9lasthanne<br \/>\nMembrane 8000 mm imperm\u00e9able et respirante.<\/div>\n<\/div>\n<h3 class=\"bordure\">Style<\/h3>\n<div class=\"std\">\n<div>SPORT<\/div>\n<div>2 poches lat\u00e9rales et 1 poche poitrine zipp\u00e9es<br \/>\nCordon de serrage r\u00e9glable \u00e0 la taille<br \/>\nBas de manches ajustables avec bande auto-agrippante<br \/>\nCapuche avec cordon de serrage<br \/>\nZips SBS<\/div>\n<\/div>\n","protected":false},"excerpt":{"rendered":"<p>SOFTSHELL HOMME \u00c0 CAPUCHE Qualit\u00e9 SOFTSHELL 340 94% polyester &#8211; 6% \u00e9lasthanne Membrane 8000 mm imperm\u00e9able et respirante. Style SPORT<\/p>\n","protected":false},"featured_media":10130,"comment_status":"open","ping_status":"closed","template":"","meta":[],"product_cat":[208],"product_tag":[],"class_list":{"0":"post-10027","1":"product","2":"type-product","3":"status-publish","4":"has-post-thumbnail","6":"product_cat-manches-longues-softshell","8":"first","9":"instock","10":"shipping-taxable","11":"purchasable","12":"product-type-variable"},"_links":{"self":[{"href":"https:\/\/ateliers-francais.gc-dev.fr\/index.php?rest_route=\/wp\/v2\/product\/10027","targetHints":{"allow":["GET"]}}],"collection":[{"href":"https:\/\/ateliers-francais.gc-dev.fr\/index.php?rest_route=\/wp\/v2\/product"}],"about":[{"href":"https:\/\/ateliers-francais.gc-dev.fr\/index.php?rest_route=\/wp\/v2\/types\/product"}],"replies":[{"embeddable":true,"href":"https:\/\/ateliers-francais.gc-dev.fr\/index.php?rest_route=%2Fwp%2Fv2%2Fcomments&post=10027"}],"version-history":[{"count":1,"href":"https:\/\/ateliers-francais.gc-dev.fr\/index.php?rest_route=\/wp\/v2\/product\/10027\/revisions"}],"predecessor-version":[{"id":10133,"href":"https:\/\/ateliers-francais.gc-dev.fr\/index.php?rest_route=\/wp\/v2\/product\/10027\/revisions\/10133"}],"wp:featuredmedia":[{"embeddable":true,"href":"https:\/\/ateliers-francais.gc-dev.fr\/index.php?rest_route=\/wp\/v2\/media\/10130"}],"wp:attachment":[{"href":"https:\/\/ateliers-francais.gc-dev.fr\/index.php?rest_route=%2Fwp%2Fv2%2Fmedia&parent=10027"}],"wp:term":[{"taxonomy":"product_cat","embeddable":true,"href":"https:\/\/ateliers-francais.gc-dev.fr\/index.php?rest_route=%2Fwp%2Fv2%2Fproduct_cat&post=10027"},{"taxonomy":"product_tag","embeddable":true,"href":"https:\/\/ateliers-francais.gc-dev.fr\/index.php?rest_route=%2Fwp%2Fv2%2Fproduct_tag&post=10027"}],"curies":[{"name":"wp","href":"https:\/\/api.w.org\/{rel}","templated":true}]}}